{"id":1851,"date":"2025-11-13T07:20:01","date_gmt":"2025-11-13T06:20:01","guid":{"rendered":"https:\/\/www.nts.sk\/?page_id=1851"},"modified":"2025-11-13T11:58:47","modified_gmt":"2025-11-13T10:58:47","slug":"elementor-1851","status":"publish","type":"page","link":"https:\/\/www.nts.sk\/index.php\/elementor-1851\/","title":{"rendered":"Proxmox"},"content":{"rendered":"\t\t<div data-elementor-type=\"wp-page\" data-elementor-id=\"1851\" class=\"elementor elementor-1851\">\n\t\t\t\t\t\t<section class=\"elementor-section elementor-top-section elementor-element elementor-element-fe078ca elementor-section-boxed elementor-section-height-default elementor-section-height-default\" data-id=\"fe078ca\" data-element_type=\"section\" data-e-type=\"section\">\n\t\t\t\t\t\t<div class=\"elementor-container elementor-column-gap-default\">\n\t\t\t\t\t<div class=\"elementor-column elementor-col-50 elementor-top-column elementor-element elementor-element-fde10e2\" data-id=\"fde10e2\" data-element_type=\"column\" data-e-type=\"column\">\n\t\t\t<div class=\"elementor-widget-wrap elementor-element-populated\">\n\t\t\t\t\t\t<div class=\"elementor-element elementor-element-ce4ade0 elementor-widget elementor-widget-image\" data-id=\"ce4ade0\" data-element_type=\"widget\" data-e-type=\"widget\" data-widget_type=\"image.default\">\n\t\t\t\t<div class=\"elementor-widget-container\">\n\t\t\t\t\t\t\t\t\t\t\t\t\t\t\t<img decoding=\"async\" width=\"150\" height=\"150\" src=\"https:\/\/www.nts.sk\/wp-content\/uploads\/2025\/11\/proxmox-authorized-reseller-logo-inverted-color-300px-150x150.webp\" class=\"attachment-thumbnail size-thumbnail wp-image-1897\" alt=\"\" srcset=\"https:\/\/www.nts.sk\/wp-content\/uploads\/2025\/11\/proxmox-authorized-reseller-logo-inverted-color-300px-150x150.webp 150w, https:\/\/www.nts.sk\/wp-content\/uploads\/2025\/11\/proxmox-authorized-reseller-logo-inverted-color-300px-300x300.webp 300w, https:\/\/www.nts.sk\/wp-content\/uploads\/2025\/11\/proxmox-authorized-reseller-logo-inverted-color-300px.webp 500w\" sizes=\"(max-width: 150px) 100vw, 150px\" \/>\t\t\t\t\t\t\t\t\t\t\t\t\t\t\t<\/div>\n\t\t\t\t<\/div>\n\t\t\t\t\t<\/div>\n\t\t<\/div>\n\t\t\t\t<div class=\"elementor-column elementor-col-50 elementor-top-column elementor-element elementor-element-b56ab85\" data-id=\"b56ab85\" data-element_type=\"column\" data-e-type=\"column\">\n\t\t\t<div class=\"elementor-widget-wrap elementor-element-populated\">\n\t\t\t\t\t\t<div class=\"elementor-element elementor-element-3a8a198 elementor-widget elementor-widget-heading\" data-id=\"3a8a198\" data-element_type=\"widget\" data-e-type=\"widget\" data-widget_type=\"heading.default\">\n\t\t\t\t<div class=\"elementor-widget-container\">\n\t\t\t\t\t<h1 class=\"elementor-heading-title elementor-size-default\"><a href=\"https:\/\/proxmox.com\/en\/\">Proxmox VE<\/a><\/h1>\t\t\t\t<\/div>\n\t\t\t\t<\/div>\n\t\t\t\t\t<\/div>\n\t\t<\/div>\n\t\t\t\t\t<\/div>\n\t\t<\/section>\n\t\t\t\t<section class=\"elementor-section elementor-top-section elementor-element elementor-element-55fce92 elementor-section-boxed elementor-section-height-default elementor-section-height-default\" data-id=\"55fce92\" data-element_type=\"section\" data-e-type=\"section\">\n\t\t\t\t\t\t<div class=\"elementor-container elementor-column-gap-default\">\n\t\t\t\t\t<div class=\"elementor-column elementor-col-100 elementor-top-column elementor-element elementor-element-e273fc1\" data-id=\"e273fc1\" data-element_type=\"column\" data-e-type=\"column\">\n\t\t\t<div class=\"elementor-widget-wrap elementor-element-populated\">\n\t\t\t\t\t\t<div class=\"elementor-element elementor-element-ffe9851 elementor-widget elementor-widget-text-editor\" data-id=\"ffe9851\" data-element_type=\"widget\" data-e-type=\"widget\" data-widget_type=\"text-editor.default\">\n\t\t\t\t<div class=\"elementor-widget-container\">\n\t\t\t\t\t\t\t\t\t<p><strong>Proxmox VE<\/strong> &#8211; open-source virtualiza\u010dn\u00e1 platforma. Pon\u00faka modern\u00e9 webov\u00e9 rozhranie, jednoduch\u00fa konfigur\u00e1ciu, podporu klastrovania a vysok\u00fa dostupnos\u0165 (HA).\u00a0Kombinuje virtualiz\u00e1ciu (KVM) a kontajneriz\u00e1ciu (LXC). Tam kde rie\u0161enie VMware je cenovo neprijate\u013en\u00e9 je Proxmox cenovo prijate\u013enou alternat\u00edvou. Umo\u017e\u0148uje lok\u00e1lne aj cloudov\u00e9 z\u00e1lohovanie . K dispoz\u00edcii je aj platen\u00fd enterprise support, ktor\u00fd zabezpe\u010duje pravideln\u00e9 aktualiz\u00e1cie.<\/p>\t\t\t\t\t\t\t\t<\/div>\n\t\t\t\t<\/div>\n\t\t\t\t\t<\/div>\n\t\t<\/div>\n\t\t\t\t\t<\/div>\n\t\t<\/section>\n\t\t\t\t<section class=\"elementor-section elementor-top-section elementor-element elementor-element-240b0ce elementor-section-boxed elementor-section-height-default elementor-section-height-default\" data-id=\"240b0ce\" data-element_type=\"section\" data-e-type=\"section\">\n\t\t\t\t\t\t<div class=\"elementor-container elementor-column-gap-default\">\n\t\t\t\t\t<div class=\"elementor-column elementor-col-33 elementor-top-column elementor-element elementor-element-47d0bd6\" data-id=\"47d0bd6\" data-element_type=\"column\" data-e-type=\"column\" data-settings=\"{&quot;background_background&quot;:&quot;classic&quot;}\">\n\t\t\t<div class=\"elementor-widget-wrap elementor-element-populated\">\n\t\t\t\t\t\t<div class=\"elementor-element elementor-element-2724291 elementor-widget elementor-widget-heading\" data-id=\"2724291\" data-element_type=\"widget\" data-e-type=\"widget\" data-widget_type=\"heading.default\">\n\t\t\t\t<div class=\"elementor-widget-container\">\n\t\t\t\t\t<h2 class=\"elementor-heading-title elementor-size-default\">Proxmox\nVirtual Environment<\/h2>\t\t\t\t<\/div>\n\t\t\t\t<\/div>\n\t\t\t\t\t<\/div>\n\t\t<\/div>\n\t\t\t\t<div class=\"elementor-column elementor-col-33 elementor-top-column elementor-element elementor-element-b0173ea\" data-id=\"b0173ea\" data-element_type=\"column\" data-e-type=\"column\" data-settings=\"{&quot;background_background&quot;:&quot;classic&quot;}\">\n\t\t\t<div class=\"elementor-widget-wrap elementor-element-populated\">\n\t\t\t\t\t\t<div class=\"elementor-element elementor-element-51c727e elementor-widget elementor-widget-heading\" data-id=\"51c727e\" data-element_type=\"widget\" data-e-type=\"widget\" data-widget_type=\"heading.default\">\n\t\t\t\t<div class=\"elementor-widget-container\">\n\t\t\t\t\t<h2 class=\"elementor-heading-title elementor-size-default\">Proxmox\nBackup Server<\/h2>\t\t\t\t<\/div>\n\t\t\t\t<\/div>\n\t\t\t\t\t<\/div>\n\t\t<\/div>\n\t\t\t\t<div class=\"elementor-column elementor-col-33 elementor-top-column elementor-element elementor-element-0d8f4b6\" data-id=\"0d8f4b6\" data-element_type=\"column\" data-e-type=\"column\" data-settings=\"{&quot;background_background&quot;:&quot;classic&quot;}\">\n\t\t\t<div class=\"elementor-widget-wrap elementor-element-populated\">\n\t\t\t\t\t\t<div class=\"elementor-element elementor-element-4d84e2e elementor-widget elementor-widget-heading\" data-id=\"4d84e2e\" data-element_type=\"widget\" data-e-type=\"widget\" data-widget_type=\"heading.default\">\n\t\t\t\t<div class=\"elementor-widget-container\">\n\t\t\t\t\t<h2 class=\"elementor-heading-title elementor-size-default\">Proxmox\nMail Gateway<\/h2>\t\t\t\t<\/div>\n\t\t\t\t<\/div>\n\t\t\t\t\t<\/div>\n\t\t<\/div>\n\t\t\t\t\t<\/div>\n\t\t<\/section>\n\t\t\t\t<section class=\"elementor-section elementor-top-section elementor-element elementor-element-f6f350a elementor-section-boxed elementor-section-height-default elementor-section-height-default\" data-id=\"f6f350a\" data-element_type=\"section\" data-e-type=\"section\">\n\t\t\t\t\t\t<div class=\"elementor-container elementor-column-gap-default\">\n\t\t\t\t\t<div class=\"elementor-column elementor-col-33 elementor-top-column elementor-element elementor-element-a7e5020\" data-id=\"a7e5020\" data-element_type=\"column\" data-e-type=\"column\" data-settings=\"{&quot;background_background&quot;:&quot;classic&quot;}\">\n\t\t\t<div class=\"elementor-widget-wrap elementor-element-populated\">\n\t\t\t\t\t\t<div class=\"elementor-element elementor-element-32efe88 elementor-widget elementor-widget-text-editor\" data-id=\"32efe88\" data-element_type=\"widget\" data-e-type=\"widget\" data-widget_type=\"text-editor.default\">\n\t\t\t\t<div class=\"elementor-widget-container\">\n\t\t\t\t\t\t\t\t\t<p>Virtu\u00e1lne prostredie Proxmox je kompletn\u00e1 open-source platforma pre virtualiz\u00e1ciu podnikov. V\u010faka vstavan\u00e9mu webov\u00e9mu rozhraniu m\u00f4\u017eete jednoducho spravova\u0165 virtu\u00e1lne po\u010d\u00edta\u010de a kontajnery, softv\u00e9rovo definovan\u00e9 \u00falo\u017eisk\u00e1 a siete, klastrovanie s vysokou dostupnos\u0165ou a viacero hotov\u00fdch n\u00e1strojov pomocou jedin\u00e9ho rie\u0161enia.<\/p>\t\t\t\t\t\t\t\t<\/div>\n\t\t\t\t<\/div>\n\t\t\t\t\t<\/div>\n\t\t<\/div>\n\t\t\t\t<div class=\"elementor-column elementor-col-33 elementor-top-column elementor-element elementor-element-4664fa6\" data-id=\"4664fa6\" data-element_type=\"column\" data-e-type=\"column\" data-settings=\"{&quot;background_background&quot;:&quot;classic&quot;}\">\n\t\t\t<div class=\"elementor-widget-wrap elementor-element-populated\">\n\t\t\t\t\t\t<div class=\"elementor-element elementor-element-82d71af elementor-widget elementor-widget-text-editor\" data-id=\"82d71af\" data-element_type=\"widget\" data-e-type=\"widget\" data-widget_type=\"text-editor.default\">\n\t\t\t\t<div class=\"elementor-widget-container\">\n\t\t\t\t\t\t\t\t\t<p>Proxmox Backup Server je podnikov\u00e9 z\u00e1lohovacie rie\u0161enie na z\u00e1lohovanie a obnovu virtu\u00e1lnych po\u010d\u00edta\u010dov, kontajnerov a fyzick\u00fdch hostite\u013eov. Toto rie\u0161enie s otvoren\u00fdm zdrojov\u00fdm k\u00f3dom podporuje pr\u00edrastkov\u00e9 z\u00e1lohy, deduplik\u00e1ciu, kompresiu Zstandard a overen\u00e9 \u0161ifrovanie.<\/p>\t\t\t\t\t\t\t\t<\/div>\n\t\t\t\t<\/div>\n\t\t\t\t\t<\/div>\n\t\t<\/div>\n\t\t\t\t<div class=\"elementor-column elementor-col-33 elementor-top-column elementor-element elementor-element-3ebaa93\" data-id=\"3ebaa93\" data-element_type=\"column\" data-e-type=\"column\" data-settings=\"{&quot;background_background&quot;:&quot;classic&quot;}\">\n\t\t\t<div class=\"elementor-widget-wrap elementor-element-populated\">\n\t\t\t\t\t\t<div class=\"elementor-element elementor-element-7071901 elementor-widget elementor-widget-text-editor\" data-id=\"7071901\" data-element_type=\"widget\" data-e-type=\"widget\" data-widget_type=\"text-editor.default\">\n\t\t\t\t<div class=\"elementor-widget-container\">\n\t\t\t\t\t\t\t\t\t<p>Proxmox Mail Gateway je open-source rie\u0161enie zabezpe\u010denia e-mailov, ktor\u00e9 chr\u00e1ni v\u00e1\u0161 po\u0161tov\u00fd server pred v\u0161etk\u00fdmi e-mailov\u00fdmi hrozbami od okamihu ich vzniku. Plne funk\u010dn\u00fd po\u0161tov\u00fd proxy server sa d\u00e1 jednoducho nasadi\u0165 medzi firewall a v\u00e1\u0161 intern\u00fd po\u0161tov\u00fd server v priebehu nieko\u013ek\u00fdch min\u00fat.<\/p>\t\t\t\t\t\t\t\t<\/div>\n\t\t\t\t<\/div>\n\t\t\t\t\t<\/div>\n\t\t<\/div>\n\t\t\t\t\t<\/div>\n\t\t<\/section>\n\t\t\t\t<section class=\"elementor-section elementor-top-section elementor-element elementor-element-5386c74 elementor-section-boxed elementor-section-height-default elementor-section-height-default\" data-id=\"5386c74\" data-element_type=\"section\" data-e-type=\"section\">\n\t\t\t\t\t\t<div class=\"elementor-container elementor-column-gap-default\">\n\t\t\t\t\t<div class=\"elementor-column elementor-col-33 elementor-top-column elementor-element elementor-element-fcd8767\" data-id=\"fcd8767\" data-element_type=\"column\" data-e-type=\"column\">\n\t\t\t<div class=\"elementor-widget-wrap elementor-element-populated\">\n\t\t\t\t\t\t<div class=\"elementor-element elementor-element-9b6c701 elementor-align-center elementor-widget elementor-widget-button\" data-id=\"9b6c701\" data-element_type=\"widget\" data-e-type=\"widget\" data-widget_type=\"button.default\">\n\t\t\t\t<div class=\"elementor-widget-container\">\n\t\t\t\t\t\t\t\t\t<div class=\"elementor-button-wrapper\">\n\t\t\t\t\t<a class=\"elementor-button elementor-button-link elementor-size-sm\" href=\"https:\/\/proxmox.com\/en\/products\/proxmox-virtual-environment\/overview\">\n\t\t\t\t\t\t<span class=\"elementor-button-content-wrapper\">\n\t\t\t\t\t\t\t\t\t<span class=\"elementor-button-text\">Zisti\u0165 viac ...<\/span>\n\t\t\t\t\t<\/span>\n\t\t\t\t\t<\/a>\n\t\t\t\t<\/div>\n\t\t\t\t\t\t\t\t<\/div>\n\t\t\t\t<\/div>\n\t\t\t\t\t<\/div>\n\t\t<\/div>\n\t\t\t\t<div class=\"elementor-column elementor-col-33 elementor-top-column elementor-element elementor-element-c157d17\" data-id=\"c157d17\" data-element_type=\"column\" data-e-type=\"column\">\n\t\t\t<div class=\"elementor-widget-wrap elementor-element-populated\">\n\t\t\t\t\t\t<div class=\"elementor-element elementor-element-a83bab2 elementor-align-center elementor-widget elementor-widget-button\" data-id=\"a83bab2\" data-element_type=\"widget\" data-e-type=\"widget\" data-widget_type=\"button.default\">\n\t\t\t\t<div class=\"elementor-widget-container\">\n\t\t\t\t\t\t\t\t\t<div class=\"elementor-button-wrapper\">\n\t\t\t\t\t<a class=\"elementor-button elementor-button-link elementor-size-sm\" href=\"https:\/\/proxmox.com\/en\/products\/proxmox-backup-server\/overview\">\n\t\t\t\t\t\t<span class=\"elementor-button-content-wrapper\">\n\t\t\t\t\t\t\t\t\t<span class=\"elementor-button-text\">Zisti\u0165 viac ...<\/span>\n\t\t\t\t\t<\/span>\n\t\t\t\t\t<\/a>\n\t\t\t\t<\/div>\n\t\t\t\t\t\t\t\t<\/div>\n\t\t\t\t<\/div>\n\t\t\t\t\t<\/div>\n\t\t<\/div>\n\t\t\t\t<div class=\"elementor-column elementor-col-33 elementor-top-column elementor-element elementor-element-7b53705\" data-id=\"7b53705\" data-element_type=\"column\" data-e-type=\"column\">\n\t\t\t<div class=\"elementor-widget-wrap elementor-element-populated\">\n\t\t\t\t\t\t<div class=\"elementor-element elementor-element-76bc01a elementor-align-center elementor-widget elementor-widget-button\" data-id=\"76bc01a\" data-element_type=\"widget\" data-e-type=\"widget\" data-widget_type=\"button.default\">\n\t\t\t\t<div class=\"elementor-widget-container\">\n\t\t\t\t\t\t\t\t\t<div class=\"elementor-button-wrapper\">\n\t\t\t\t\t<a class=\"elementor-button elementor-button-link elementor-size-sm\" href=\"https:\/\/proxmox.com\/en\/products\/proxmox-mail-gateway\/overview\">\n\t\t\t\t\t\t<span class=\"elementor-button-content-wrapper\">\n\t\t\t\t\t\t\t\t\t<span class=\"elementor-button-text\">Zisti\u0165 viac ...<\/span>\n\t\t\t\t\t<\/span>\n\t\t\t\t\t<\/a>\n\t\t\t\t<\/div>\n\t\t\t\t\t\t\t\t<\/div>\n\t\t\t\t<\/div>\n\t\t\t\t\t<\/div>\n\t\t<\/div>\n\t\t\t\t\t<\/div>\n\t\t<\/section>\n\t\t\t\t<section class=\"elementor-section elementor-top-section elementor-element elementor-element-9c415e9 elementor-section-boxed elementor-section-height-default elementor-section-height-default\" data-id=\"9c415e9\" data-element_type=\"section\" data-e-type=\"section\">\n\t\t\t\t\t\t<div class=\"elementor-container elementor-column-gap-default\">\n\t\t\t\t\t<div class=\"elementor-column elementor-col-100 elementor-top-column elementor-element elementor-element-a74b2bf\" data-id=\"a74b2bf\" data-element_type=\"column\" data-e-type=\"column\" data-settings=\"{&quot;background_background&quot;:&quot;classic&quot;}\">\n\t\t\t<div class=\"elementor-widget-wrap elementor-element-populated\">\n\t\t\t\t\t\t<div class=\"elementor-element elementor-element-a5a3edb elementor-widget elementor-widget-image\" data-id=\"a5a3edb\" data-element_type=\"widget\" data-e-type=\"widget\" data-widget_type=\"image.default\">\n\t\t\t\t<div class=\"elementor-widget-container\">\n\t\t\t\t\t\t\t\t\t\t\t\t\t\t\t<img decoding=\"async\" width=\"150\" height=\"150\" src=\"https:\/\/www.nts.sk\/wp-content\/uploads\/2025\/11\/proxmox-authorized-reseller-logo-color-300px-150x150.webp\" class=\"attachment-thumbnail size-thumbnail wp-image-1898\" alt=\"\" srcset=\"https:\/\/www.nts.sk\/wp-content\/uploads\/2025\/11\/proxmox-authorized-reseller-logo-color-300px-150x150.webp 150w, https:\/\/www.nts.sk\/wp-content\/uploads\/2025\/11\/proxmox-authorized-reseller-logo-color-300px-300x300.webp 300w, https:\/\/www.nts.sk\/wp-content\/uploads\/2025\/11\/proxmox-authorized-reseller-logo-color-300px.webp 500w\" sizes=\"(max-width: 150px) 100vw, 150px\" \/>\t\t\t\t\t\t\t\t\t\t\t\t\t\t\t<\/div>\n\t\t\t\t<\/div>\n\t\t\t\t<div class=\"elementor-element elementor-element-0946a53 elementor-widget elementor-widget-text-editor\" data-id=\"0946a53\" data-element_type=\"widget\" data-e-type=\"widget\" data-widget_type=\"text-editor.default\">\n\t\t\t\t<div class=\"elementor-widget-container\">\n\t\t\t\t\t\t\t\t\t<p>Jednoduch\u00e1 spr\u00e1va cez webov\u00e9 rozhranie Intuit\u00edvne webov\u00e9 GUI.<\/p><p>Podpora dvoch virtualiza\u010dn\u00fdch technol\u00f3gi\u00ed KVM \u2013 pln\u00e1 virtualiz\u00e1cia pre beh r\u00f4znych opera\u010dn\u00fdch syst\u00e9mov.<br \/>LXC \u2013 \u013eahk\u00e9 kontajnery pre \u00a0beh Linux aplik\u00e1ci\u00ed.<\/p><p>Vysok\u00e1 dostupnos\u0165 (High Availability) Mo\u017enos\u0165 vytvorenia klastru viacer\u00fdch Proxmox serverov s automatick\u00fdm presunom VM v pr\u00edpade v\u00fdpadku jedn\u00e9ho z uzlov.<\/p><p>Integrovan\u00e9 z\u00e1lohovanie a snapshoty Proxmox umo\u017e\u0148uje pl\u00e1nova\u0165 automatick\u00e9 z\u00e1lohy a vytv\u00e1ra\u0165 snapshoty pre r\u00fdchlu obnovu VM.<\/p><p>\u0160irok\u00e1 podpora \u00falo\u017e\u00edsk Podpora pre ZFS, Ceph, LVM, NFS, iSCSI, SMB, GlusterFS a \u010fal\u0161ie typy \u00falo\u017e\u00edsk.<\/p><p>Mo\u017enos\u0165 roz\u0161\u00edrenia (modularita) REST API, CLI n\u00e1stroje, podpora hook skriptov a mo\u017enos\u0165 napojenia na \u010fal\u0161ie syst\u00e9my (napr. Ansible, Terraform).<\/p><p>Podpora \u017eivej migr\u00e1cie (Live Migration) Umo\u017e\u0148uje presun be\u017eiacich VM medzi uzlami bez preru\u0161enia prev\u00e1dzky (v klastrovom prostred\u00ed).<\/p><p>Siln\u00e1 komunita a dokument\u00e1cia Akt\u00edvne f\u00f3ra, rozsiahla ofici\u00e1lna dokument\u00e1cia a n\u00e1vody z komunity.<\/p>\t\t\t\t\t\t\t\t<\/div>\n\t\t\t\t<\/div>\n\t\t\t\t\t<\/div>\n\t\t<\/div>\n\t\t\t\t\t<\/div>\n\t\t<\/section>\n\t\t\t\t<\/div>\n\t\t","protected":false},"excerpt":{"rendered":"<p>Proxmox VE Proxmox VE &#8211; open-source virtualiza\u010dn\u00e1 platforma. Pon\u00faka modern\u00e9 webov\u00e9 rozhranie, jednoduch\u00fa konfigur\u00e1ciu, podporu klastrovania a vysok\u00fa dostupnos\u0165 (HA).\u00a0Kombinuje virtualiz\u00e1ciu (KVM) a kontajneriz\u00e1ciu (LXC). Tam kde rie\u0161enie VMware je cenovo neprijate\u013en\u00e9 je Proxmox cenovo prijate\u013enou alternat\u00edvou. Umo\u017e\u0148uje lok\u00e1lne aj cloudov\u00e9 z\u00e1lohovanie . K dispoz\u00edcii je aj platen\u00fd enterprise support, ktor\u00fd zabezpe\u010duje pravideln\u00e9 aktualiz\u00e1cie. Proxmox Virtual Environment Proxmox Backup Server&#8230;<\/p>\n","protected":false},"author":1,"featured_media":0,"parent":0,"menu_order":0,"comment_status":"closed","ping_status":"closed","template":"","meta":{"footnotes":"","_links_to":"","_links_to_target":""},"class_list":["post-1851","page","type-page","status-publish","hentry"],"_links":{"self":[{"href":"https:\/\/www.nts.sk\/index.php\/wp-json\/wp\/v2\/pages\/1851","targetHints":{"allow":["GET"]}}],"collection":[{"href":"https:\/\/www.nts.sk\/index.php\/wp-json\/wp\/v2\/pages"}],"about":[{"href":"https:\/\/www.nts.sk\/index.php\/wp-json\/wp\/v2\/types\/page"}],"author":[{"embeddable":true,"href":"https:\/\/www.nts.sk\/index.php\/wp-json\/wp\/v2\/users\/1"}],"replies":[{"embeddable":true,"href":"https:\/\/www.nts.sk\/index.php\/wp-json\/wp\/v2\/comments?post=1851"}],"version-history":[{"count":29,"href":"https:\/\/www.nts.sk\/index.php\/wp-json\/wp\/v2\/pages\/1851\/revisions"}],"predecessor-version":[{"id":1904,"href":"https:\/\/www.nts.sk\/index.php\/wp-json\/wp\/v2\/pages\/1851\/revisions\/1904"}],"wp:attachment":[{"href":"https:\/\/www.nts.sk\/index.php\/wp-json\/wp\/v2\/media?parent=1851"}],"curies":[{"name":"wp","href":"https:\/\/api.w.org\/{rel}","templated":true}]}}