{"id":609,"date":"2023-02-24T17:31:49","date_gmt":"2023-02-24T16:31:49","guid":{"rendered":"http:\/\/www.nts.sk\/?page_id=609"},"modified":"2024-01-23T16:44:41","modified_gmt":"2024-01-23T15:44:41","slug":"monitoring","status":"publish","type":"page","link":"https:\/\/www.nts.sk\/index.php\/services\/monitoring\/","title":{"rendered":"Monitoring IT prostredia"},"content":{"rendered":"\t\t<div data-elementor-type=\"wp-page\" data-elementor-id=\"609\" class=\"elementor elementor-609\">\n\t\t\t\t\t\t<section class=\"elementor-section elementor-top-section elementor-element elementor-element-982e08e elementor-section-boxed elementor-section-height-default elementor-section-height-default\" data-id=\"982e08e\" data-element_type=\"section\" data-e-type=\"section\">\n\t\t\t\t\t\t<div class=\"elementor-container elementor-column-gap-default\">\n\t\t\t\t\t<div class=\"elementor-column elementor-col-100 elementor-top-column elementor-element elementor-element-d56df45\" data-id=\"d56df45\" data-element_type=\"column\" data-e-type=\"column\">\n\t\t\t<div class=\"elementor-widget-wrap elementor-element-populated\">\n\t\t\t\t\t\t<div class=\"elementor-element elementor-element-19a996f elementor-widget elementor-widget-heading\" data-id=\"19a996f\" data-element_type=\"widget\" data-e-type=\"widget\" data-widget_type=\"heading.default\">\n\t\t\t\t<div class=\"elementor-widget-container\">\n\t\t\t\t\t<h2 class=\"elementor-heading-title elementor-size-default\">Zabezpe\u010d\u00edme efekt\u00edvne monitorovanie va\u0161ej IT infra\u0161trukt\u00fary<\/h2>\t\t\t\t<\/div>\n\t\t\t\t<\/div>\n\t\t\t\t\t<\/div>\n\t\t<\/div>\n\t\t\t\t\t<\/div>\n\t\t<\/section>\n\t\t\t\t<section class=\"elementor-section elementor-top-section elementor-element elementor-element-4fec487 elementor-section-boxed elementor-section-height-default elementor-section-height-default\" data-id=\"4fec487\" data-element_type=\"section\" data-e-type=\"section\">\n\t\t\t\t\t\t<div class=\"elementor-container elementor-column-gap-default\">\n\t\t\t\t\t<div class=\"elementor-column elementor-col-100 elementor-top-column elementor-element elementor-element-5a8dc7a\" data-id=\"5a8dc7a\" data-element_type=\"column\" data-e-type=\"column\">\n\t\t\t<div class=\"elementor-widget-wrap elementor-element-populated\">\n\t\t\t\t\t\t<div class=\"elementor-element elementor-element-ac4884a elementor-widget elementor-widget-heading\" data-id=\"ac4884a\" data-element_type=\"widget\" data-e-type=\"widget\" data-widget_type=\"heading.default\">\n\t\t\t\t<div class=\"elementor-widget-container\">\n\t\t\t\t\t<h4 class=\"elementor-heading-title elementor-size-default\">Chcete ma\u0165 inform\u00e1ciu o v\u00fdpadku ako prv\u00fd? Alebo chcete vedie\u0165 o v\u00fdpadku e\u0161te pred t\u00fdm, ako sa m\u00f4\u017ee sta\u0165?<\/h4>\t\t\t\t<\/div>\n\t\t\t\t<\/div>\n\t\t\t\t\t<\/div>\n\t\t<\/div>\n\t\t\t\t\t<\/div>\n\t\t<\/section>\n\t\t\t\t<section class=\"elementor-section elementor-top-section elementor-element elementor-element-6be516d elementor-section-boxed elementor-section-height-default elementor-section-height-default\" data-id=\"6be516d\" data-element_type=\"section\" data-e-type=\"section\">\n\t\t\t\t\t\t<div class=\"elementor-container elementor-column-gap-default\">\n\t\t\t\t\t<div class=\"elementor-column elementor-col-100 elementor-top-column elementor-element elementor-element-c903a59\" data-id=\"c903a59\" data-element_type=\"column\" data-e-type=\"column\">\n\t\t\t<div class=\"elementor-widget-wrap elementor-element-populated\">\n\t\t\t\t\t\t<div class=\"elementor-element elementor-element-cc79237 elementor-widget elementor-widget-text-editor\" data-id=\"cc79237\" data-element_type=\"widget\" data-e-type=\"widget\" data-widget_type=\"text-editor.default\">\n\t\t\t\t<div class=\"elementor-widget-container\">\n\t\t\t\t\t\t\t\t\t<p>Dne\u0161n\u00e9 modern\u00e9 monitorovacie n\u00e1stroje dok\u00e1\u017eu odchyti\u0165, informova\u0165 a pr\u00edpadne vykona\u0165 akciu vo va\u0161om IT prostred\u00ed e\u0161te pred t\u00fdm, ako re\u00e1lne d\u00f4jde k nejak\u00e9mu v\u00fdpadku. Pom\u00f4\u017eeme V\u00e1m nastavi\u0165 Va\u0161e prostredie aby ste mali dostatok \u010dasu na vykonanie z\u00e1sahu pre minimaliz\u00e1ciu v\u00fdpadku.<\/p>\t\t\t\t\t\t\t\t<\/div>\n\t\t\t\t<\/div>\n\t\t\t\t\t<\/div>\n\t\t<\/div>\n\t\t\t\t\t<\/div>\n\t\t<\/section>\n\t\t\t\t<section class=\"elementor-section elementor-top-section elementor-element elementor-element-0c859a5 elementor-section-boxed elementor-section-height-default elementor-section-height-default\" data-id=\"0c859a5\" data-element_type=\"section\" data-e-type=\"section\">\n\t\t\t\t\t\t<div class=\"elementor-container elementor-column-gap-default\">\n\t\t\t\t\t<div class=\"elementor-column elementor-col-50 elementor-top-column elementor-element elementor-element-65332a3\" data-id=\"65332a3\" data-element_type=\"column\" data-e-type=\"column\">\n\t\t\t<div class=\"elementor-widget-wrap elementor-element-populated\">\n\t\t\t\t\t\t<div class=\"elementor-element elementor-element-ba7c6b3 elementor-widget elementor-widget-text-editor\" data-id=\"ba7c6b3\" data-element_type=\"widget\" data-e-type=\"widget\" data-widget_type=\"text-editor.default\">\n\t\t\t\t<div class=\"elementor-widget-container\">\n\t\t\t\t\t\t\t\t\t<div class=\"aio-icon-header\"><h3 class=\"aio-icon-title ult-responsive\" data-ultimate-target=\"#Info-box-wrap-7232 .aio-icon-title\" data-responsive-json-new=\"{&quot;font-size&quot;:&quot;desktop:20px;&quot;,&quot;line-height&quot;:&quot;desktop:30px;&quot;}\">Dell OpenManage<\/h3><\/div><div class=\"aio-icon-description ult-responsive\" data-ultimate-target=\"#Info-box-wrap-7232 .aio-icon-description\" data-responsive-json-new=\"{&quot;font-size&quot;:&quot;&quot;,&quot;line-height&quot;:&quot;&quot;}\">Dell OpenManage Enteprise je aplik\u00e1cia pre mana\u017ement a monitoring, ktor\u00e1 pon\u00faka detailn\u00fd preh\u013ead o stave Dell EMC serverov, d\u00e1tovych \u00falo\u017e\u00edsk a sie\u0165ov\u00fdch zariaden\u00ed vo va\u0161om firemnom prostred\u00ed.<\/div>\t\t\t\t\t\t\t\t<\/div>\n\t\t\t\t<\/div>\n\t\t\t\t\t<\/div>\n\t\t<\/div>\n\t\t\t\t<div class=\"elementor-column elementor-col-50 elementor-top-column elementor-element elementor-element-f19a1c8\" data-id=\"f19a1c8\" data-element_type=\"column\" data-e-type=\"column\">\n\t\t\t<div class=\"elementor-widget-wrap elementor-element-populated\">\n\t\t\t\t\t\t<div class=\"elementor-element elementor-element-776bcad elementor-widget elementor-widget-text-editor\" data-id=\"776bcad\" data-element_type=\"widget\" data-e-type=\"widget\" data-widget_type=\"text-editor.default\">\n\t\t\t\t<div class=\"elementor-widget-container\">\n\t\t\t\t\t\t\t\t\t<div class=\"aio-icon-header\"><h3 class=\"aio-icon-title ult-responsive\" data-ultimate-target=\"#Info-box-wrap-9491 .aio-icon-title\" data-responsive-json-new=\"{&quot;font-size&quot;:&quot;desktop:20px;&quot;,&quot;line-height&quot;:&quot;desktop:30px;&quot;}\">Zabbix<\/h3><\/div><div class=\"aio-icon-description ult-responsive\" data-ultimate-target=\"#Info-box-wrap-9491 .aio-icon-description\" data-responsive-json-new=\"{&quot;font-size&quot;:&quot;&quot;,&quot;line-height&quot;:&quot;&quot;}\">Univerz\u00e1lny open source n\u00e1stroj na monitorovanie v\u0161etk\u00fdch zariaden\u00ed na sieti, ktor\u00e9 dok\u00e1\u017eu posla\u0165 inform\u00e1ciu o sebe. D\u00e1 sa okrem IT pou\u017ei\u0165 aj vo v\u00fdrobe, v budov\u00e1ch, v priemysle.<\/div>\t\t\t\t\t\t\t\t<\/div>\n\t\t\t\t<\/div>\n\t\t\t\t\t<\/div>\n\t\t<\/div>\n\t\t\t\t\t<\/div>\n\t\t<\/section>\n\t\t\t\t<section class=\"elementor-section elementor-top-section elementor-element elementor-element-1eb09ae elementor-section-boxed elementor-section-height-default elementor-section-height-default\" data-id=\"1eb09ae\" data-element_type=\"section\" data-e-type=\"section\">\n\t\t\t\t\t\t<div class=\"elementor-container elementor-column-gap-default\">\n\t\t\t\t\t<div class=\"elementor-column elementor-col-50 elementor-top-column elementor-element elementor-element-6f03b79\" data-id=\"6f03b79\" data-element_type=\"column\" data-e-type=\"column\">\n\t\t\t<div class=\"elementor-widget-wrap elementor-element-populated\">\n\t\t\t\t\t\t<div class=\"elementor-element elementor-element-d0ab4b0 elementor-widget elementor-widget-text-editor\" data-id=\"d0ab4b0\" data-element_type=\"widget\" data-e-type=\"widget\" data-widget_type=\"text-editor.default\">\n\t\t\t\t<div class=\"elementor-widget-container\">\n\t\t\t\t\t\t\t\t\t<div class=\"aio-icon-header\"><h3 class=\"aio-icon-title ult-responsive\" data-ultimate-target=\"#Info-box-wrap-3165 .aio-icon-title\" data-responsive-json-new=\"{&quot;font-size&quot;:&quot;desktop:20px;&quot;,&quot;line-height&quot;:&quot;desktop:30px;&quot;}\">VMware vRealize Operations<\/h3><\/div><div class=\"aio-icon-description ult-responsive\" data-ultimate-target=\"#Info-box-wrap-3165 .aio-icon-description\" data-responsive-json-new=\"{&quot;font-size&quot;:&quot;&quot;,&quot;line-height&quot;:&quot;&quot;}\">vRealize Operations je softv\u00e9rov\u00fd n\u00e1stroj, ktor\u00fd sa pou\u017e\u00edva na monitoring a automatiz\u00e1ciu opakuj\u00facich sa administr\u00e1torsk\u00fdch oper\u00e1ci\u00ed fyzickej alebo virtu\u00e1lnej infra\u0161trukt\u00fary postavenej na vSphere, Hyper-V alebo aj Amazon Web Services.<\/div>\t\t\t\t\t\t\t\t<\/div>\n\t\t\t\t<\/div>\n\t\t\t\t\t<\/div>\n\t\t<\/div>\n\t\t\t\t<div class=\"elementor-column elementor-col-50 elementor-top-column elementor-element elementor-element-b8490c7\" data-id=\"b8490c7\" data-element_type=\"column\" data-e-type=\"column\">\n\t\t\t<div class=\"elementor-widget-wrap elementor-element-populated\">\n\t\t\t\t\t\t<div class=\"elementor-element elementor-element-b0257e7 elementor-widget elementor-widget-text-editor\" data-id=\"b0257e7\" data-element_type=\"widget\" data-e-type=\"widget\" data-widget_type=\"text-editor.default\">\n\t\t\t\t<div class=\"elementor-widget-container\">\n\t\t\t\t\t\t\t\t\t<div class=\"aio-icon-header\"><h3 class=\"aio-icon-title ult-responsive\" data-ultimate-target=\"#Info-box-wrap-6565 .aio-icon-title\" data-responsive-json-new=\"{&quot;font-size&quot;:&quot;desktop:20px;&quot;,&quot;line-height&quot;:&quot;desktop:30px;&quot;}\">Safetica a AuditPro<\/h3><\/div><div class=\"aio-icon-description ult-responsive\" data-ultimate-target=\"#Info-box-wrap-6565 .aio-icon-description\" data-responsive-json-new=\"{&quot;font-size&quot;:&quot;&quot;,&quot;line-height&quot;:&quot;&quot;}\">Monitorovanie stavu koncov\u00fdch stan\u00edc, vyu\u017e\u00edvanie prostriedkov, bezpe\u010dnostn\u00e9 hrozby vo forme in\u0161talovan\u00fdch aplik\u00e1ci\u00ed, posielanie s\u00faborov a mailov po sieti.<\/div>\t\t\t\t\t\t\t\t<\/div>\n\t\t\t\t<\/div>\n\t\t\t\t\t<\/div>\n\t\t<\/div>\n\t\t\t\t\t<\/div>\n\t\t<\/section>\n\t\t\t\t<section class=\"elementor-section elementor-top-section elementor-element elementor-element-b5dc261 elementor-section-boxed elementor-section-height-default elementor-section-height-default\" data-id=\"b5dc261\" data-element_type=\"section\" data-e-type=\"section\">\n\t\t\t\t\t\t<div class=\"elementor-container elementor-column-gap-default\">\n\t\t\t\t\t<div class=\"elementor-column elementor-col-100 elementor-top-column elementor-element elementor-element-d484c3b\" data-id=\"d484c3b\" data-element_type=\"column\" data-e-type=\"column\">\n\t\t\t<div class=\"elementor-widget-wrap elementor-element-populated\">\n\t\t\t\t\t\t<div class=\"elementor-element elementor-element-0b13829 elementor-widget elementor-widget-heading\" data-id=\"0b13829\" data-element_type=\"widget\" data-e-type=\"widget\" data-widget_type=\"heading.default\">\n\t\t\t\t<div class=\"elementor-widget-container\">\n\t\t\t\t\t<h2 class=\"elementor-heading-title elementor-size-default\">\u010co v\u0161etko monitorova\u0165?<\/h2>\t\t\t\t<\/div>\n\t\t\t\t<\/div>\n\t\t\t\t\t<\/div>\n\t\t<\/div>\n\t\t\t\t\t<\/div>\n\t\t<\/section>\n\t\t\t\t<section class=\"elementor-section elementor-top-section elementor-element elementor-element-8534763 elementor-section-boxed elementor-section-height-default elementor-section-height-default\" data-id=\"8534763\" data-element_type=\"section\" data-e-type=\"section\">\n\t\t\t\t\t\t<div class=\"elementor-container elementor-column-gap-default\">\n\t\t\t\t\t<div class=\"elementor-column elementor-col-100 elementor-top-column elementor-element elementor-element-4fe5ee4\" data-id=\"4fe5ee4\" data-element_type=\"column\" data-e-type=\"column\">\n\t\t\t<div class=\"elementor-widget-wrap elementor-element-populated\">\n\t\t\t\t\t\t<div class=\"elementor-element elementor-element-1820e04 elementor-widget elementor-widget-heading\" data-id=\"1820e04\" data-element_type=\"widget\" data-e-type=\"widget\" data-widget_type=\"heading.default\">\n\t\t\t\t<div class=\"elementor-widget-container\">\n\t\t\t\t\t<h4 class=\"elementor-heading-title elementor-size-default\">Pom\u00f4\u017eeme V\u00e1m nastavi\u0165 monitorovanie tak, aby V\u00e1s d\u00e1ta a notifik\u00e1cie nezahltili, ale aby ste z\u00e1rove\u0148 mali dostatok inform\u00e1ci\u00ed, ak sa vo Va\u0161om IT prostred\u00ed deje nie\u010do nezvy\u010dajn\u00e9.<\/h4>\t\t\t\t<\/div>\n\t\t\t\t<\/div>\n\t\t\t\t\t<\/div>\n\t\t<\/div>\n\t\t\t\t\t<\/div>\n\t\t<\/section>\n\t\t\t\t<section class=\"elementor-section elementor-top-section elementor-element elementor-element-a240e00 elementor-section-boxed elementor-section-height-default elementor-section-height-default\" data-id=\"a240e00\" data-element_type=\"section\" data-e-type=\"section\">\n\t\t\t\t\t\t<div class=\"elementor-container elementor-column-gap-default\">\n\t\t\t\t\t<div class=\"elementor-column elementor-col-100 elementor-top-column elementor-element elementor-element-a8dc0c0\" data-id=\"a8dc0c0\" data-element_type=\"column\" data-e-type=\"column\">\n\t\t\t<div class=\"elementor-widget-wrap elementor-element-populated\">\n\t\t\t\t\t\t<div class=\"elementor-element elementor-element-94c99ea elementor-widget elementor-widget-image\" data-id=\"94c99ea\" data-element_type=\"widget\" data-e-type=\"widget\" data-widget_type=\"image.default\">\n\t\t\t\t<div class=\"elementor-widget-container\">\n\t\t\t\t\t\t\t\t\t\t\t\t\t\t\t<img fetchpriority=\"high\" decoding=\"async\" width=\"640\" height=\"425\" src=\"https:\/\/www.nts.sk\/wp-content\/uploads\/2023\/02\/monitoring-IT-prostredia.jpg\" class=\"attachment-large size-large wp-image-779\" alt=\"\" srcset=\"https:\/\/www.nts.sk\/wp-content\/uploads\/2023\/02\/monitoring-IT-prostredia.jpg 731w, https:\/\/www.nts.sk\/wp-content\/uploads\/2023\/02\/monitoring-IT-prostredia-300x199.jpg 300w\" sizes=\"(max-width: 640px) 100vw, 640px\" \/>\t\t\t\t\t\t\t\t\t\t\t\t\t\t\t<\/div>\n\t\t\t\t<\/div>\n\t\t\t\t\t<\/div>\n\t\t<\/div>\n\t\t\t\t\t<\/div>\n\t\t<\/section>\n\t\t\t\t<section class=\"elementor-section elementor-top-section elementor-element elementor-element-038e1fc elementor-section-boxed elementor-section-height-default elementor-section-height-default\" data-id=\"038e1fc\" data-element_type=\"section\" data-e-type=\"section\">\n\t\t\t\t\t\t<div class=\"elementor-container elementor-column-gap-default\">\n\t\t\t\t\t<div class=\"elementor-column elementor-col-100 elementor-top-column elementor-element elementor-element-5f35731\" data-id=\"5f35731\" data-element_type=\"column\" data-e-type=\"column\">\n\t\t\t<div class=\"elementor-widget-wrap elementor-element-populated\">\n\t\t\t\t\t\t<div class=\"elementor-element elementor-element-94342ef elementor-widget elementor-widget-text-editor\" data-id=\"94342ef\" data-element_type=\"widget\" data-e-type=\"widget\" data-widget_type=\"text-editor.default\">\n\t\t\t\t<div class=\"elementor-widget-container\">\n\t\t\t\t\t\t\t\t\t<p>Podobne ako s\u00fa v zdravotn\u00edctve monitorovan\u00ed pacienti na pr\u00edstrojoch, aj v IT pou\u017e\u00edvame zbieranie r\u00f4znych \u00fadajov z dostupn\u00fdch senzorov a syst\u00e9mov, aby na z\u00e1klade neobvykl\u00e9ho spr\u00e1vania mohol monitorovac\u00ed software zareagova\u0165. N\u00e1sledne u\u017e v\u0161etko z\u00e1le\u017e\u00ed na \u0161ikovnosti IT technikov, napl\u00e1novan\u00fdch krokov a schopnosti IT podpory zareagova\u0165 \u010do najr\u00fdchlej\u0161ie.<\/p>\t\t\t\t\t\t\t\t<\/div>\n\t\t\t\t<\/div>\n\t\t\t\t\t<\/div>\n\t\t<\/div>\n\t\t\t\t\t<\/div>\n\t\t<\/section>\n\t\t\t\t<section class=\"elementor-section elementor-top-section elementor-element elementor-element-1f2ae11 elementor-section-boxed elementor-section-height-default elementor-section-height-default\" data-id=\"1f2ae11\" data-element_type=\"section\" data-e-type=\"section\">\n\t\t\t\t\t\t<div class=\"elementor-container elementor-column-gap-default\">\n\t\t\t\t\t<div class=\"elementor-column elementor-col-50 elementor-top-column elementor-element elementor-element-0fe2a31\" data-id=\"0fe2a31\" data-element_type=\"column\" data-e-type=\"column\">\n\t\t\t<div class=\"elementor-widget-wrap elementor-element-populated\">\n\t\t\t\t\t\t<div class=\"elementor-element elementor-element-5a6c5b2 elementor-widget elementor-widget-text-editor\" data-id=\"5a6c5b2\" data-element_type=\"widget\" data-e-type=\"widget\" data-widget_type=\"text-editor.default\">\n\t\t\t\t<div class=\"elementor-widget-container\">\n\t\t\t\t\t\t\t\t\t<div class=\"standard-arrow bullet-top\">\n<h4><strong>N\u00e1strojmi, ktor\u00e9 pou\u017e\u00edvame, dok\u00e1\u017eeme monitorova\u0165:<\/strong><\/h4>\n<ul>\n \t<li>detailn\u00fd stav a\u017e zlyhanie disku v serveri alebo v diskovom poli<\/li>\n \t<li>vy\u0165a\u017eenie procesorov<\/li>\n \t<li>vy\u0165a\u017eenie RAM pam\u00e4te<\/li>\n \t<li>stav siete a sie\u0165ov\u00fdch komponentov<\/li>\n \t<li>latenciu aplik\u00e1ci\u00ed<\/li>\n \t<li>stav po\u010d\u00edta\u010dov a notebookov<\/li>\n \t<li>spr\u00e1vanie sa nain\u0161talovan\u00fdch aplik\u00e1ci\u00ed<\/li>\n \t<li>bezpe\u010dnostn\u00e9 hrozby<\/li>\n \t<li>posielanie mailov a s\u00faborov po sieti<\/li>\n \t<li>teplotu v serverovni<\/li>\n \t<li>teplotu procesora na konkr\u00e9tnom serveri alebo diskovom poli<\/li>\n \t<li>v\u00fdpadok nap\u00e1jania<\/li>\n<\/ul>\n<\/div>\t\t\t\t\t\t\t\t<\/div>\n\t\t\t\t<\/div>\n\t\t\t\t\t<\/div>\n\t\t<\/div>\n\t\t\t\t<div class=\"elementor-column elementor-col-25 elementor-top-column elementor-element elementor-element-aa44dd0\" data-id=\"aa44dd0\" data-element_type=\"column\" data-e-type=\"column\">\n\t\t\t<div class=\"elementor-widget-wrap\">\n\t\t\t\t\t\t\t<\/div>\n\t\t<\/div>\n\t\t\t\t<div class=\"elementor-column elementor-col-25 elementor-top-column elementor-element elementor-element-7123052\" data-id=\"7123052\" data-element_type=\"column\" data-e-type=\"column\">\n\t\t\t<div class=\"elementor-widget-wrap\">\n\t\t\t\t\t\t\t<\/div>\n\t\t<\/div>\n\t\t\t\t\t<\/div>\n\t\t<\/section>\n\t\t\t\t<\/div>\n\t\t","protected":false},"excerpt":{"rendered":"<p>Zabezpe\u010d\u00edme efekt\u00edvne monitorovanie va\u0161ej IT infra\u0161trukt\u00fary Chcete ma\u0165 inform\u00e1ciu o v\u00fdpadku ako prv\u00fd? Alebo chcete vedie\u0165 o v\u00fdpadku e\u0161te pred t\u00fdm, ako sa m\u00f4\u017ee sta\u0165? Dne\u0161n\u00e9 modern\u00e9 monitorovacie n\u00e1stroje dok\u00e1\u017eu odchyti\u0165, informova\u0165 a pr\u00edpadne vykona\u0165 akciu vo va\u0161om IT prostred\u00ed e\u0161te pred t\u00fdm, ako re\u00e1lne d\u00f4jde k nejak\u00e9mu v\u00fdpadku. Pom\u00f4\u017eeme V\u00e1m nastavi\u0165 Va\u0161e prostredie aby ste mali dostatok \u010dasu na&#8230;<\/p>\n","protected":false},"author":2,"featured_media":0,"parent":561,"menu_order":0,"comment_status":"closed","ping_status":"closed","template":"","meta":{"footnotes":"","_links_to":"","_links_to_target":""},"class_list":["post-609","page","type-page","status-publish","hentry"],"_links":{"self":[{"href":"https:\/\/www.nts.sk\/index.php\/wp-json\/wp\/v2\/pages\/609","targetHints":{"allow":["GET"]}}],"collection":[{"href":"https:\/\/www.nts.sk\/index.php\/wp-json\/wp\/v2\/pages"}],"about":[{"href":"https:\/\/www.nts.sk\/index.php\/wp-json\/wp\/v2\/types\/page"}],"author":[{"embeddable":true,"href":"https:\/\/www.nts.sk\/index.php\/wp-json\/wp\/v2\/users\/2"}],"replies":[{"embeddable":true,"href":"https:\/\/www.nts.sk\/index.php\/wp-json\/wp\/v2\/comments?post=609"}],"version-history":[{"count":11,"href":"https:\/\/www.nts.sk\/index.php\/wp-json\/wp\/v2\/pages\/609\/revisions"}],"predecessor-version":[{"id":1357,"href":"https:\/\/www.nts.sk\/index.php\/wp-json\/wp\/v2\/pages\/609\/revisions\/1357"}],"up":[{"embeddable":true,"href":"https:\/\/www.nts.sk\/index.php\/wp-json\/wp\/v2\/pages\/561"}],"wp:attachment":[{"href":"https:\/\/www.nts.sk\/index.php\/wp-json\/wp\/v2\/media?parent=609"}],"curies":[{"name":"wp","href":"https:\/\/api.w.org\/{rel}","templated":true}]}}