{"id":625,"date":"2023-02-24T17:38:47","date_gmt":"2023-02-24T16:38:47","guid":{"rendered":"http:\/\/www.nts.sk\/?page_id=625"},"modified":"2023-02-25T21:05:04","modified_gmt":"2023-02-25T20:05:04","slug":"it-skolenia-a-konzultacie","status":"publish","type":"page","link":"https:\/\/www.nts.sk\/index.php\/services\/it-skolenia-a-konzultacie\/","title":{"rendered":"IT \u0161kolenia a konzult\u00e1cie"},"content":{"rendered":"\t\t<div data-elementor-type=\"wp-page\" data-elementor-id=\"625\" class=\"elementor elementor-625\">\n\t\t\t\t\t\t<section class=\"elementor-section elementor-top-section elementor-element elementor-element-b60a6f5 elementor-section-boxed elementor-section-height-default elementor-section-height-default\" data-id=\"b60a6f5\" data-element_type=\"section\" data-e-type=\"section\">\n\t\t\t\t\t\t<div class=\"elementor-container elementor-column-gap-default\">\n\t\t\t\t\t<div class=\"elementor-column elementor-col-100 elementor-top-column elementor-element elementor-element-5361f0d\" data-id=\"5361f0d\" data-element_type=\"column\" data-e-type=\"column\">\n\t\t\t<div class=\"elementor-widget-wrap elementor-element-populated\">\n\t\t\t\t\t\t<div class=\"elementor-element elementor-element-2a0fc25 elementor-widget elementor-widget-heading\" data-id=\"2a0fc25\" data-element_type=\"widget\" data-e-type=\"widget\" data-widget_type=\"heading.default\">\n\t\t\t\t<div class=\"elementor-widget-container\">\n\t\t\t\t\t<h2 class=\"elementor-heading-title elementor-size-default\">\u0160koliace stredisko NTS\n\n<\/h2>\t\t\t\t<\/div>\n\t\t\t\t<\/div>\n\t\t\t\t\t<\/div>\n\t\t<\/div>\n\t\t\t\t\t<\/div>\n\t\t<\/section>\n\t\t\t\t<section class=\"elementor-section elementor-top-section elementor-element elementor-element-b38ccc9 elementor-section-boxed elementor-section-height-default elementor-section-height-default\" data-id=\"b38ccc9\" data-element_type=\"section\" data-e-type=\"section\">\n\t\t\t\t\t\t<div class=\"elementor-container elementor-column-gap-default\">\n\t\t\t\t\t<div class=\"elementor-column elementor-col-100 elementor-top-column elementor-element elementor-element-fdf92bc\" data-id=\"fdf92bc\" data-element_type=\"column\" data-e-type=\"column\">\n\t\t\t<div class=\"elementor-widget-wrap elementor-element-populated\">\n\t\t\t\t\t\t<div class=\"elementor-element elementor-element-0d17b67 elementor-widget elementor-widget-image\" data-id=\"0d17b67\" data-element_type=\"widget\" data-e-type=\"widget\" data-widget_type=\"image.default\">\n\t\t\t\t<div class=\"elementor-widget-container\">\n\t\t\t\t\t\t\t\t\t\t\t\t\t\t\t<img fetchpriority=\"high\" decoding=\"async\" width=\"500\" height=\"285\" src=\"https:\/\/www.nts.sk\/wp-content\/uploads\/2023\/02\/skolenie-zamestnanci.jpg\" class=\"attachment-large size-large wp-image-802\" alt=\"\" srcset=\"https:\/\/www.nts.sk\/wp-content\/uploads\/2023\/02\/skolenie-zamestnanci.jpg 500w, https:\/\/www.nts.sk\/wp-content\/uploads\/2023\/02\/skolenie-zamestnanci-300x171.jpg 300w\" sizes=\"(max-width: 500px) 100vw, 500px\" \/>\t\t\t\t\t\t\t\t\t\t\t\t\t\t\t<\/div>\n\t\t\t\t<\/div>\n\t\t\t\t\t<\/div>\n\t\t<\/div>\n\t\t\t\t\t<\/div>\n\t\t<\/section>\n\t\t\t\t<section class=\"elementor-section elementor-top-section elementor-element elementor-element-3945272 elementor-section-boxed elementor-section-height-default elementor-section-height-default\" data-id=\"3945272\" data-element_type=\"section\" data-e-type=\"section\">\n\t\t\t\t\t\t<div class=\"elementor-container elementor-column-gap-default\">\n\t\t\t\t\t<div class=\"elementor-column elementor-col-100 elementor-top-column elementor-element elementor-element-35bdbf4\" data-id=\"35bdbf4\" data-element_type=\"column\" data-e-type=\"column\">\n\t\t\t<div class=\"elementor-widget-wrap elementor-element-populated\">\n\t\t\t\t\t\t<div class=\"elementor-element elementor-element-8090dd9 elementor-widget elementor-widget-text-editor\" data-id=\"8090dd9\" data-element_type=\"widget\" data-e-type=\"widget\" data-widget_type=\"text-editor.default\">\n\t\t\t\t<div class=\"elementor-widget-container\">\n\t\t\t\t\t\t\t\t\t<ul type=\"disc\"><li><b><span style=\"font-family: Verdana; font-size: small;\">\u0160kolenia<\/span><\/b><\/li><\/ul><ul><li style=\"list-style-type: none;\"><ul type=\"disc\"><li><b><span style=\"font-family: Verdana; font-size: small;\">\u0160tandardn\u00e9 kurzy<\/span><\/b><ul type=\"disc\"><li><span style=\"font-family: Verdana; font-size: small;\">prebiehaj\u00fa v \u0161koliacom stredisku NTS<\/span><\/li><li><span style=\"font-family: Verdana; font-size: small;\">minim\u00e1lny po\u010det prihl\u00e1sen\u00fdch \u00fa\u010dastn\u00edkov na realiz\u00e1ciu kurzu je 4<\/span><\/li><li><span style=\"font-family: Verdana; font-size: small;\">term\u00edny s\u00fa vyp\u00edsan\u00e9 vopred alebo sa ur\u010duj\u00fa dohodou so z\u00e1kazn\u00edkmi<\/span><\/li><\/ul><\/li><\/ul><\/li><\/ul><ul><li style=\"list-style-type: none;\"><ul type=\"disc\"><li><b><span style=\"font-family: Verdana; font-size: small;\">Kurzy na mieru<\/span><\/b><ul type=\"disc\"><li><span style=\"font-family: Verdana; font-size: small;\">na \u017eiados\u0165 z\u00e1kazn\u00edka uprav\u00edme \u0161tudijn\u00fd pl\u00e1n, term\u00edny, d\u013a\u017eku trvania kurzu<\/span><\/li><li><span style=\"font-family: Verdana; font-size: small;\">priprav\u00edme \u0161peci\u00e1lny kurz pod\u013ea potrieb a po\u017eiadaviek z\u00e1kazn\u00edka, ak ho v na\u0161ej ponuke nena\u0161iel<\/span><\/li><li><span style=\"font-family: Verdana; font-size: small;\">\u0161kolenie prebieha v u\u010debni NTS alebo u z\u00e1kazn\u00edka<\/span><\/li><li><span style=\"font-family: Verdana; font-size: small;\">na technike z\u00e1kazn\u00edka, pr\u00edpadne na technike spolo\u010dnosti NTS<\/span><\/li><\/ul><\/li><\/ul><\/li><\/ul><ul><li style=\"list-style-type: none;\"><ul type=\"disc\"><li><b><span style=\"font-family: Verdana; font-size: small;\">Konzult\u00e1cie<\/span><\/b><ul type=\"disc\"><li><span style=\"font-family: Verdana; font-size: small;\">konkr\u00e9tny probl\u00e9m rie\u0161ime so z\u00e1kazn\u00edkom individu\u00e1lne konzult\u00e1ciami, pr\u00edpadne poradenstvom<\/span><\/li><\/ul><\/li><\/ul><\/li><\/ul><ul><li style=\"list-style-type: none;\"><ul type=\"disc\"><li><b><span style=\"font-family: Verdana; font-size: small;\">Rekvalifika\u010dn\u00e9 kurzy<\/span><\/b><\/li><\/ul><\/li><\/ul><ul type=\"disc\"><li><b><span style=\"font-family: Verdana; font-size: small;\">Hands On Lab semin\u00e1re<\/span><\/b><ul><li style=\"list-style-type: none;\"><ul type=\"disc\"><li><span style=\"font-family: Verdana; font-size: small;\">jednod\u0148ov\u00e9 intenz\u00edvne semin\u00e1re organizovan\u00e9 v spolupr\u00e1ci s ved\u00facimi firmami na trhu Microsoft, Novell, IBM, HP, Cisco, &#8230;..<\/span><\/li><li><span style=\"font-family: Verdana; font-size: small;\">m\u00e1te mo\u017enos\u0165 zozn\u00e1mi\u0165 sa a vysk\u00fa\u0161a\u0165 si praktick\u00e9 uk\u00e1\u017eky nov\u00fdch produktov<\/span><\/li><\/ul><\/li><\/ul><\/li><\/ul><ul type=\"disc\"><li><b><span style=\"font-family: Verdana; font-size: small;\">Pren\u00e1jom u\u010debne<\/span><\/b><ul><li style=\"list-style-type: none;\"><ul type=\"disc\"><li><span style=\"font-family: Verdana; font-size: small;\">na firemn\u00e9 prezent\u00e1cie, \u0161pecializovan\u00e9 \u0161kolenia a in\u00e9 odborn\u00e9 akcie<\/span><\/li><li><span style=\"font-family: Verdana; font-size: small;\">u\u010deb\u0148u priprav\u00edme pod\u013ea Va\u0161ich technick\u00fdch a term\u00ednov\u00fdch po\u017eiadaviek<\/span><\/li><li><span style=\"font-family: Verdana; font-size: small;\">10 &#8211; 20 pracov\u00edsk<\/span><\/li><li><span style=\"font-family: Verdana; font-size: small;\">v\u00fdkonn\u00e1 v\u00fdpo\u010dtov\u00e1 technika<\/span><\/li><li><span style=\"font-family: Verdana; font-size: small;\">kvalitn\u00fd dataprojektor<\/span><\/li><li><span style=\"font-family: Verdana; font-size: small;\">z ka\u017ed\u00e9ho PC je pr\u00edstup do siete internet<\/span><\/li><\/ul><\/li><\/ul><\/li><\/ul>\t\t\t\t\t\t\t\t<\/div>\n\t\t\t\t<\/div>\n\t\t\t\t\t<\/div>\n\t\t<\/div>\n\t\t\t\t\t<\/div>\n\t\t<\/section>\n\t\t\t\t<\/div>\n\t\t","protected":false},"excerpt":{"rendered":"<p>\u0160koliace stredisko NTS \u0160kolenia \u0160tandardn\u00e9 kurzy prebiehaj\u00fa v \u0161koliacom stredisku NTS minim\u00e1lny po\u010det prihl\u00e1sen\u00fdch \u00fa\u010dastn\u00edkov na realiz\u00e1ciu kurzu je 4 term\u00edny s\u00fa vyp\u00edsan\u00e9 vopred alebo sa ur\u010duj\u00fa dohodou so z\u00e1kazn\u00edkmi Kurzy na mieru na \u017eiados\u0165 z\u00e1kazn\u00edka uprav\u00edme \u0161tudijn\u00fd pl\u00e1n, term\u00edny, d\u013a\u017eku trvania kurzu priprav\u00edme \u0161peci\u00e1lny kurz pod\u013ea potrieb a po\u017eiadaviek z\u00e1kazn\u00edka, ak ho v na\u0161ej ponuke nena\u0161iel \u0161kolenie prebieha v&#8230;<\/p>\n","protected":false},"author":2,"featured_media":0,"parent":561,"menu_order":0,"comment_status":"closed","ping_status":"closed","template":"","meta":{"footnotes":"","_links_to":"","_links_to_target":""},"class_list":["post-625","page","type-page","status-publish","hentry"],"_links":{"self":[{"href":"https:\/\/www.nts.sk\/index.php\/wp-json\/wp\/v2\/pages\/625","targetHints":{"allow":["GET"]}}],"collection":[{"href":"https:\/\/www.nts.sk\/index.php\/wp-json\/wp\/v2\/pages"}],"about":[{"href":"https:\/\/www.nts.sk\/index.php\/wp-json\/wp\/v2\/types\/page"}],"author":[{"embeddable":true,"href":"https:\/\/www.nts.sk\/index.php\/wp-json\/wp\/v2\/users\/2"}],"replies":[{"embeddable":true,"href":"https:\/\/www.nts.sk\/index.php\/wp-json\/wp\/v2\/comments?post=625"}],"version-history":[{"count":4,"href":"https:\/\/www.nts.sk\/index.php\/wp-json\/wp\/v2\/pages\/625\/revisions"}],"predecessor-version":[{"id":805,"href":"https:\/\/www.nts.sk\/index.php\/wp-json\/wp\/v2\/pages\/625\/revisions\/805"}],"up":[{"embeddable":true,"href":"https:\/\/www.nts.sk\/index.php\/wp-json\/wp\/v2\/pages\/561"}],"wp:attachment":[{"href":"https:\/\/www.nts.sk\/index.php\/wp-json\/wp\/v2\/media?parent=625"}],"curies":[{"name":"wp","href":"https:\/\/api.w.org\/{rel}","templated":true}]}}