{"id":627,"date":"2023-02-24T17:39:28","date_gmt":"2023-02-24T16:39:28","guid":{"rendered":"http:\/\/www.nts.sk\/?page_id=627"},"modified":"2023-02-25T21:19:27","modified_gmt":"2023-02-25T20:19:27","slug":"financovanie-it-projektov","status":"publish","type":"page","link":"https:\/\/www.nts.sk\/index.php\/services\/financovanie-it-projektov\/","title":{"rendered":"Financovanie IT projektov"},"content":{"rendered":"\t\t<div data-elementor-type=\"wp-page\" data-elementor-id=\"627\" class=\"elementor elementor-627\">\n\t\t\t\t\t\t<section class=\"elementor-section elementor-top-section elementor-element elementor-element-5db90c9 elementor-section-boxed elementor-section-height-default elementor-section-height-default\" data-id=\"5db90c9\" data-element_type=\"section\" data-e-type=\"section\">\n\t\t\t\t\t\t<div class=\"elementor-container elementor-column-gap-default\">\n\t\t\t\t\t<div class=\"elementor-column elementor-col-100 elementor-top-column elementor-element elementor-element-ee999c4\" data-id=\"ee999c4\" data-element_type=\"column\" data-e-type=\"column\">\n\t\t\t<div class=\"elementor-widget-wrap elementor-element-populated\">\n\t\t\t\t\t\t<div class=\"elementor-element elementor-element-eb6d06f elementor-widget elementor-widget-heading\" data-id=\"eb6d06f\" data-element_type=\"widget\" data-e-type=\"widget\" data-widget_type=\"heading.default\">\n\t\t\t\t<div class=\"elementor-widget-container\">\n\t\t\t\t\t<h2 class=\"elementor-heading-title elementor-size-default\">Operat\u00edvny leasing IT projektov a n\u00e1kupov<\/h2>\t\t\t\t<\/div>\n\t\t\t\t<\/div>\n\t\t\t\t\t<\/div>\n\t\t<\/div>\n\t\t\t\t\t<\/div>\n\t\t<\/section>\n\t\t\t\t<section class=\"elementor-section elementor-top-section elementor-element elementor-element-3260c28 elementor-section-boxed elementor-section-height-default elementor-section-height-default\" data-id=\"3260c28\" data-element_type=\"section\" data-e-type=\"section\">\n\t\t\t\t\t\t<div class=\"elementor-container elementor-column-gap-default\">\n\t\t\t\t\t<div class=\"elementor-column elementor-col-100 elementor-top-column elementor-element elementor-element-024063b\" data-id=\"024063b\" data-element_type=\"column\" data-e-type=\"column\">\n\t\t\t<div class=\"elementor-widget-wrap elementor-element-populated\">\n\t\t\t\t\t\t<div class=\"elementor-element elementor-element-e956aa1 elementor-widget elementor-widget-heading\" data-id=\"e956aa1\" data-element_type=\"widget\" data-e-type=\"widget\" data-widget_type=\"heading.default\">\n\t\t\t\t<div class=\"elementor-widget-container\">\n\t\t\t\t\t<h4 class=\"elementor-heading-title elementor-size-default\">Zme\u0148te klasick\u00fd model financovania a vyu\u017eite v\u00fdhody, ktor\u00e9 V\u00e1m operat\u00edvny leasing v oblasti IT prin\u00e1\u0161a.<\/h4>\t\t\t\t<\/div>\n\t\t\t\t<\/div>\n\t\t\t\t\t<\/div>\n\t\t<\/div>\n\t\t\t\t\t<\/div>\n\t\t<\/section>\n\t\t\t\t<section class=\"elementor-section elementor-top-section elementor-element elementor-element-eda8cf7 elementor-section-boxed elementor-section-height-default elementor-section-height-default\" data-id=\"eda8cf7\" data-element_type=\"section\" data-e-type=\"section\">\n\t\t\t\t\t\t<div class=\"elementor-container elementor-column-gap-default\">\n\t\t\t\t\t<div class=\"elementor-column elementor-col-100 elementor-top-column elementor-element elementor-element-a49dfea\" data-id=\"a49dfea\" data-element_type=\"column\" data-e-type=\"column\">\n\t\t\t<div class=\"elementor-widget-wrap elementor-element-populated\">\n\t\t\t\t\t\t<div class=\"elementor-element elementor-element-8f8b286 elementor-widget elementor-widget-text-editor\" data-id=\"8f8b286\" data-element_type=\"widget\" data-e-type=\"widget\" data-widget_type=\"text-editor.default\">\n\t\t\t\t<div class=\"elementor-widget-container\">\n\t\t\t\t\t\t\t\t\t<div class=\"wpb_text_column wpb_content_element \"><div class=\"wpb_wrapper\"><p>Ve\u013ea firiem nakupuje IT e\u0161te st\u00e1le tzv. capexov\u00fdm sp\u00f4sobom. Zarob\u00ed si peniaze v r\u00e1mci svojej \u010dinnosti a n\u00e1sledne pod\u013ea potrieb investuje v nepravideln\u00fdch intervaloch vo v\u00e4\u010d\u0161\u00edch sum\u00e1ch. Ak si ale chcete svoje v\u00fddavky str\u00e1\u017ei\u0165 na mesa\u010dnej b\u00e1ze a chcete ma\u0165 pl\u00e1novan\u00e9 v\u00fddavky na IT na nieko\u013eko rokov vopred, existuje pre V\u00e1s aj alternat\u00edva.<\/p><p>Ka\u017ed\u00fd IT projekt alebo IT n\u00e1kup vieme spolu so slu\u017ebami a softv\u00e9rom rozdeli\u0165 na pravideln\u00e9 mesa\u010dn\u00e9 platby cez na\u0161ich finan\u010dn\u00fdch partnerov.<\/p><\/div><\/div>\t\t\t\t\t\t\t\t<\/div>\n\t\t\t\t<\/div>\n\t\t\t\t\t<\/div>\n\t\t<\/div>\n\t\t\t\t\t<\/div>\n\t\t<\/section>\n\t\t\t\t<section class=\"elementor-section elementor-top-section elementor-element elementor-element-890ddcb elementor-section-boxed elementor-section-height-default elementor-section-height-default\" data-id=\"890ddcb\" data-element_type=\"section\" data-e-type=\"section\">\n\t\t\t\t\t\t<div class=\"elementor-container elementor-column-gap-default\">\n\t\t\t\t\t<div class=\"elementor-column elementor-col-100 elementor-top-column elementor-element elementor-element-0ce69ec\" data-id=\"0ce69ec\" data-element_type=\"column\" data-e-type=\"column\">\n\t\t\t<div class=\"elementor-widget-wrap elementor-element-populated\">\n\t\t\t\t\t\t<div class=\"elementor-element elementor-element-c8b7367 elementor-widget elementor-widget-image\" data-id=\"c8b7367\" data-element_type=\"widget\" data-e-type=\"widget\" data-widget_type=\"image.default\">\n\t\t\t\t<div class=\"elementor-widget-container\">\n\t\t\t\t\t\t\t\t\t\t\t\t\t\t\t<img fetchpriority=\"high\" decoding=\"async\" width=\"640\" height=\"284\" src=\"https:\/\/www.nts.sk\/wp-content\/uploads\/2023\/02\/financie.jpg\" class=\"attachment-large size-large wp-image-807\" alt=\"\" srcset=\"https:\/\/www.nts.sk\/wp-content\/uploads\/2023\/02\/financie.jpg 1024w, https:\/\/www.nts.sk\/wp-content\/uploads\/2023\/02\/financie-300x133.jpg 300w, https:\/\/www.nts.sk\/wp-content\/uploads\/2023\/02\/financie-768x341.jpg 768w\" sizes=\"(max-width: 640px) 100vw, 640px\" \/>\t\t\t\t\t\t\t\t\t\t\t\t\t\t\t<\/div>\n\t\t\t\t<\/div>\n\t\t\t\t\t<\/div>\n\t\t<\/div>\n\t\t\t\t\t<\/div>\n\t\t<\/section>\n\t\t\t\t<section class=\"elementor-section elementor-top-section elementor-element elementor-element-54cabe0 elementor-section-boxed elementor-section-height-default elementor-section-height-default\" data-id=\"54cabe0\" data-element_type=\"section\" data-e-type=\"section\">\n\t\t\t\t\t\t<div class=\"elementor-container elementor-column-gap-default\">\n\t\t\t\t\t<div class=\"elementor-column elementor-col-100 elementor-top-column elementor-element elementor-element-0e96722\" data-id=\"0e96722\" data-element_type=\"column\" data-e-type=\"column\">\n\t\t\t<div class=\"elementor-widget-wrap elementor-element-populated\">\n\t\t\t\t\t\t<div class=\"elementor-element elementor-element-85821ce elementor-widget elementor-widget-heading\" data-id=\"85821ce\" data-element_type=\"widget\" data-e-type=\"widget\" data-widget_type=\"heading.default\">\n\t\t\t\t<div class=\"elementor-widget-container\">\n\t\t\t\t\t<h2 class=\"elementor-heading-title elementor-size-default\">Ak\u00e9 s\u00fa v\u00fdhody financovania IT cez leasing?<\/h2>\t\t\t\t<\/div>\n\t\t\t\t<\/div>\n\t\t\t\t\t<\/div>\n\t\t<\/div>\n\t\t\t\t\t<\/div>\n\t\t<\/section>\n\t\t\t\t<section class=\"elementor-section elementor-top-section elementor-element elementor-element-798ed13 elementor-section-boxed elementor-section-height-default elementor-section-height-default\" data-id=\"798ed13\" data-element_type=\"section\" data-e-type=\"section\">\n\t\t\t\t\t\t<div class=\"elementor-container elementor-column-gap-default\">\n\t\t\t\t\t<div class=\"elementor-column elementor-col-100 elementor-top-column elementor-element elementor-element-42e2be8\" data-id=\"42e2be8\" data-element_type=\"column\" data-e-type=\"column\">\n\t\t\t<div class=\"elementor-widget-wrap elementor-element-populated\">\n\t\t\t\t\t\t<div class=\"elementor-element elementor-element-3884cf0 elementor-widget elementor-widget-heading\" data-id=\"3884cf0\" data-element_type=\"widget\" data-e-type=\"widget\" data-widget_type=\"heading.default\">\n\t\t\t\t<div class=\"elementor-widget-container\">\n\t\t\t\t\t<h4 class=\"elementor-heading-title elementor-size-default\">Nov\u00e9 n\u00e1kupy IT oddelenia u\u017e viac nebud\u00fa \u0161okova\u0165 finan\u010dn\u00e9 oddelenie.<\/h4>\t\t\t\t<\/div>\n\t\t\t\t<\/div>\n\t\t\t\t\t<\/div>\n\t\t<\/div>\n\t\t\t\t\t<\/div>\n\t\t<\/section>\n\t\t\t\t<section class=\"elementor-section elementor-top-section elementor-element elementor-element-0b73496 elementor-section-boxed elementor-section-height-default elementor-section-height-default\" data-id=\"0b73496\" data-element_type=\"section\" data-e-type=\"section\">\n\t\t\t\t\t\t<div class=\"elementor-container elementor-column-gap-default\">\n\t\t\t\t\t<div class=\"elementor-column elementor-col-50 elementor-top-column elementor-element elementor-element-5a9ca02\" data-id=\"5a9ca02\" data-element_type=\"column\" data-e-type=\"column\">\n\t\t\t<div class=\"elementor-widget-wrap elementor-element-populated\">\n\t\t\t\t\t\t<div class=\"elementor-element elementor-element-89d01eb elementor-widget elementor-widget-text-editor\" data-id=\"89d01eb\" data-element_type=\"widget\" data-e-type=\"widget\" data-widget_type=\"text-editor.default\">\n\t\t\t\t<div class=\"elementor-widget-container\">\n\t\t\t\t\t\t\t\t\t<div class=\"aio-icon-header\"><h3 class=\"aio-icon-title ult-responsive\" data-ultimate-target=\"#Info-box-wrap-1492 .aio-icon-title\" data-responsive-json-new=\"{&quot;font-size&quot;:&quot;desktop:20px;&quot;,&quot;line-height&quot;:&quot;desktop:30px;&quot;}\">Transformujte capex na opex<\/h3><\/div><div class=\"aio-icon-description ult-responsive\" data-ultimate-target=\"#Info-box-wrap-1492 .aio-icon-description\" data-responsive-json-new=\"{&quot;font-size&quot;:&quot;&quot;,&quot;line-height&quot;:&quot;&quot;}\">Va\u0161e pl\u00e1novan\u00e9 mesa\u010dn\u00e9 leasingov\u00e9 platby sa stan\u00fa dokladovate\u013enou n\u00e1kladovou polo\u017ekou.<\/div>\t\t\t\t\t\t\t\t<\/div>\n\t\t\t\t<\/div>\n\t\t\t\t\t<\/div>\n\t\t<\/div>\n\t\t\t\t<div class=\"elementor-column elementor-col-50 elementor-top-column elementor-element elementor-element-ad7312f\" data-id=\"ad7312f\" data-element_type=\"column\" data-e-type=\"column\">\n\t\t\t<div class=\"elementor-widget-wrap elementor-element-populated\">\n\t\t\t\t\t\t<div class=\"elementor-element elementor-element-6bf220a elementor-widget elementor-widget-text-editor\" data-id=\"6bf220a\" data-element_type=\"widget\" data-e-type=\"widget\" data-widget_type=\"text-editor.default\">\n\t\t\t\t<div class=\"elementor-widget-container\">\n\t\t\t\t\t\t\t\t\t<div class=\"aio-icon-header\"><h3 class=\"aio-icon-title ult-responsive\" data-ultimate-target=\"#Info-box-wrap-6006 .aio-icon-title\" data-responsive-json-new=\"{&quot;font-size&quot;:&quot;desktop:20px;&quot;,&quot;line-height&quot;:&quot;desktop:30px;&quot;}\">Viac prostriedkov na invest\u00edcie<\/h3><\/div><div class=\"aio-icon-description ult-responsive\" data-ultimate-target=\"#Info-box-wrap-6006 .aio-icon-description\" data-responsive-json-new=\"{&quot;font-size&quot;:&quot;&quot;,&quot;line-height&quot;:&quot;&quot;}\">Rozlo\u017een\u00edm platieb na 12 a\u017e 60 mesiacov z\u00edskate vo\u013en\u00e9 prostriedky, ktor\u00e9 m\u00f4\u017eete vyu\u017ei\u0165 na Va\u0161e z\u00e1kladn\u00e9 podnikanie.<\/div>\t\t\t\t\t\t\t\t<\/div>\n\t\t\t\t<\/div>\n\t\t\t\t\t<\/div>\n\t\t<\/div>\n\t\t\t\t\t<\/div>\n\t\t<\/section>\n\t\t\t\t<section class=\"elementor-section elementor-top-section elementor-element elementor-element-a76cf0c elementor-section-boxed elementor-section-height-default elementor-section-height-default\" data-id=\"a76cf0c\" data-element_type=\"section\" data-e-type=\"section\">\n\t\t\t\t\t\t<div class=\"elementor-container elementor-column-gap-default\">\n\t\t\t\t\t<div class=\"elementor-column elementor-col-50 elementor-top-column elementor-element elementor-element-5fa62c2\" data-id=\"5fa62c2\" data-element_type=\"column\" data-e-type=\"column\">\n\t\t\t<div class=\"elementor-widget-wrap elementor-element-populated\">\n\t\t\t\t\t\t<div class=\"elementor-element elementor-element-0b954fb elementor-widget elementor-widget-text-editor\" data-id=\"0b954fb\" data-element_type=\"widget\" data-e-type=\"widget\" data-widget_type=\"text-editor.default\">\n\t\t\t\t<div class=\"elementor-widget-container\">\n\t\t\t\t\t\t\t\t\t<div class=\"aio-icon-header\"><h3 class=\"aio-icon-title ult-responsive\" data-ultimate-target=\"#Info-box-wrap-9104 .aio-icon-title\" data-responsive-json-new=\"{&quot;font-size&quot;:&quot;desktop:20px;&quot;,&quot;line-height&quot;:&quot;desktop:30px;&quot;}\">Pl\u00e1novanie v\u00fddavkov na IT<\/h3><\/div><div class=\"aio-icon-description ult-responsive\" data-ultimate-target=\"#Info-box-wrap-9104 .aio-icon-description\" data-responsive-json-new=\"{&quot;font-size&quot;:&quot;&quot;,&quot;line-height&quot;:&quot;&quot;}\">Na mesa\u010dnej b\u00e1ze pozn\u00e1te v\u00fd\u0161ku n\u00e1kladov na prev\u00e1dzku IT. V pr\u00edpade n\u00e1kupu sa spl\u00e1can\u00e1 suma flexibilne uprav\u00ed pod\u013ea leasingovej zmluvy.<\/div>\t\t\t\t\t\t\t\t<\/div>\n\t\t\t\t<\/div>\n\t\t\t\t\t<\/div>\n\t\t<\/div>\n\t\t\t\t<div class=\"elementor-column elementor-col-50 elementor-top-column elementor-element elementor-element-bbc30e9\" data-id=\"bbc30e9\" data-element_type=\"column\" data-e-type=\"column\">\n\t\t\t<div class=\"elementor-widget-wrap elementor-element-populated\">\n\t\t\t\t\t\t<div class=\"elementor-element elementor-element-ea96290 elementor-widget elementor-widget-text-editor\" data-id=\"ea96290\" data-element_type=\"widget\" data-e-type=\"widget\" data-widget_type=\"text-editor.default\">\n\t\t\t\t<div class=\"elementor-widget-container\">\n\t\t\t\t\t\t\t\t\t<div class=\"aio-icon-header\"><h3 class=\"aio-icon-title ult-responsive\" data-ultimate-target=\"#Info-box-wrap-9317 .aio-icon-title\" data-responsive-json-new=\"{&quot;font-size&quot;:&quot;desktop:20px;&quot;,&quot;line-height&quot;:&quot;desktop:30px;&quot;}\">Pl\u00e1novanie obnovy<\/h3><\/div><div class=\"aio-icon-description ult-responsive\" data-ultimate-target=\"#Info-box-wrap-9317 .aio-icon-description\" data-responsive-json-new=\"{&quot;font-size&quot;:&quot;&quot;,&quot;line-height&quot;:&quot;&quot;}\">Na konci \u017eivotnosti IT techniky nemus\u00edte h\u013eada\u0165 zdroje na financovanie. U\u017e s nimi r\u00e1tate v mesa\u010dn\u00fdch v\u00fddavkoch.<\/div>\t\t\t\t\t\t\t\t<\/div>\n\t\t\t\t<\/div>\n\t\t\t\t\t<\/div>\n\t\t<\/div>\n\t\t\t\t\t<\/div>\n\t\t<\/section>\n\t\t\t\t<section class=\"elementor-section elementor-top-section elementor-element elementor-element-e0b3864 elementor-section-boxed elementor-section-height-default elementor-section-height-default\" data-id=\"e0b3864\" data-element_type=\"section\" data-e-type=\"section\">\n\t\t\t\t\t\t<div class=\"elementor-container elementor-column-gap-default\">\n\t\t\t\t\t<div class=\"elementor-column elementor-col-50 elementor-top-column elementor-element elementor-element-b15a9d7\" data-id=\"b15a9d7\" data-element_type=\"column\" data-e-type=\"column\">\n\t\t\t<div class=\"elementor-widget-wrap elementor-element-populated\">\n\t\t\t\t\t\t<div class=\"elementor-element elementor-element-18c648f elementor-widget elementor-widget-text-editor\" data-id=\"18c648f\" data-element_type=\"widget\" data-e-type=\"widget\" data-widget_type=\"text-editor.default\">\n\t\t\t\t<div class=\"elementor-widget-container\">\n\t\t\t\t\t\t\t\t\t<div class=\"aio-icon-header\"><h3 class=\"aio-icon-title ult-responsive\" data-ultimate-target=\"#Info-box-wrap-8797 .aio-icon-title\" data-responsive-json-new=\"{&quot;font-size&quot;:&quot;desktop:20px;&quot;,&quot;line-height&quot;:&quot;desktop:30px;&quot;}\">Likvid\u00e1cia<\/h3><\/div><div class=\"aio-icon-description ult-responsive\" data-ultimate-target=\"#Info-box-wrap-8797 .aio-icon-description\" data-responsive-json-new=\"{&quot;font-size&quot;:&quot;&quot;,&quot;line-height&quot;:&quot;&quot;}\">Ak sa rozhodnete tovar vr\u00e1ti\u0165, m\u00e1te zaru\u010den\u00fa jeho ekologick\u00fa likvid\u00e1ciu aj s garantovan\u00fdm vymazan\u00edm \u00fadajov z diskov.<\/div>\t\t\t\t\t\t\t\t<\/div>\n\t\t\t\t<\/div>\n\t\t\t\t\t<\/div>\n\t\t<\/div>\n\t\t\t\t<div class=\"elementor-column elementor-col-50 elementor-top-column elementor-element elementor-element-6de80b7\" data-id=\"6de80b7\" data-element_type=\"column\" data-e-type=\"column\">\n\t\t\t<div class=\"elementor-widget-wrap elementor-element-populated\">\n\t\t\t\t\t\t<div class=\"elementor-element elementor-element-19ff5a2 elementor-widget elementor-widget-text-editor\" data-id=\"19ff5a2\" data-element_type=\"widget\" data-e-type=\"widget\" data-widget_type=\"text-editor.default\">\n\t\t\t\t<div class=\"elementor-widget-container\">\n\t\t\t\t\t\t\t\t\t<div class=\"aio-icon-header\"><h3 class=\"aio-icon-title ult-responsive\" data-ultimate-target=\"#Info-box-wrap-2513 .aio-icon-title\" data-responsive-json-new=\"{&quot;font-size&quot;:&quot;desktop:20px;&quot;,&quot;line-height&quot;:&quot;desktop:30px;&quot;}\">Evidencia<\/h3><\/div><div class=\"aio-icon-description ult-responsive\" data-ultimate-target=\"#Info-box-wrap-2513 .aio-icon-description\" data-responsive-json-new=\"{&quot;font-size&quot;:&quot;&quot;,&quot;line-height&quot;:&quot;&quot;}\">Z\u00edskate detailn\u00fa evidenciu o IT technike. Ko\u013eko kusov, ak\u00e1 konfigur\u00e1cia, ak\u00fd software m\u00e1te k dispoz\u00edcii.<\/div>\t\t\t\t\t\t\t\t<\/div>\n\t\t\t\t<\/div>\n\t\t\t\t\t<\/div>\n\t\t<\/div>\n\t\t\t\t\t<\/div>\n\t\t<\/section>\n\t\t\t\t<section class=\"elementor-section elementor-top-section elementor-element elementor-element-42e431a elementor-section-boxed elementor-section-height-default elementor-section-height-default\" data-id=\"42e431a\" data-element_type=\"section\" data-e-type=\"section\">\n\t\t\t\t\t\t<div class=\"elementor-container elementor-column-gap-default\">\n\t\t\t\t\t<div class=\"elementor-column elementor-col-100 elementor-top-column elementor-element elementor-element-0cfdcad\" data-id=\"0cfdcad\" data-element_type=\"column\" data-e-type=\"column\">\n\t\t\t<div class=\"elementor-widget-wrap elementor-element-populated\">\n\t\t\t\t\t\t<div class=\"elementor-element elementor-element-c1877d9 elementor-widget elementor-widget-text-editor\" data-id=\"c1877d9\" data-element_type=\"widget\" data-e-type=\"widget\" data-widget_type=\"text-editor.default\">\n\t\t\t\t<div class=\"elementor-widget-container\">\n\t\t\t\t\t\t\t\t\t<div id=\"ultimate-heading-834263fa231735640\" class=\"uvc-heading ult-adjust-bottom-margin ultimate-heading-834263fa231735640 uvc-2649 accent-subtitle-color\" data-hspacer=\"no_spacer\" data-halign=\"left\"><div class=\"uvc-main-heading ult-responsive\" data-ultimate-target=\".uvc-heading.ultimate-heading-834263fa231735640 h2\" data-responsive-json-new=\"{&quot;font-size&quot;:&quot;desktop:30px;&quot;,&quot;line-height&quot;:&quot;desktop:40px;&quot;}\"><h2>\u010co so zariadeniami na konci leasingovej zmluvy?<\/h2><\/div><\/div><div class=\"vc_row wpb_row vc_inner vc_row-fluid vc_custom_1596114510087 vc_row-o-equal-height vc_row-flex\"><div class=\"wpb_column vc_column_container vc_col-sm-12\"><div class=\"vc_column-inner\"><div class=\"wpb_wrapper\"><div class=\"standard-arrow bullet-top\"><ul><li>Tovar m\u00f4\u017eete vr\u00e1ti\u0165 a vy m\u00e1te postaran\u00e9 o ekologick\u00fa likvid\u00e1ciu a menej pr\u00e1ce s odpisovan\u00edm majetku z \u00fa\u010dtovn\u00edctva<\/li><li>Tovar si m\u00f4\u017eete odk\u00fapi\u0165 pod\u013ea podmienok stanoven\u00fdch na za\u010diatku leasingovej zmluvy, ktor\u00e9 z\u00e1visia od druhu tovaru a d\u013a\u017eky zmluvy<\/li><li>Tovar vr\u00e1tite a v r\u00e1mci pl\u00e1novanej obnovy pokra\u010dujete v leasingovej zmluve s novou IT technikou a softv\u00e9rov\u00fdm vybaven\u00edm<\/li><\/ul><\/div><\/div><\/div><\/div><\/div>\t\t\t\t\t\t\t\t<\/div>\n\t\t\t\t<\/div>\n\t\t\t\t\t<\/div>\n\t\t<\/div>\n\t\t\t\t\t<\/div>\n\t\t<\/section>\n\t\t\t\t<\/div>\n\t\t","protected":false},"excerpt":{"rendered":"<p>Operat\u00edvny leasing IT projektov a n\u00e1kupov Zme\u0148te klasick\u00fd model financovania a vyu\u017eite v\u00fdhody, ktor\u00e9 V\u00e1m operat\u00edvny leasing v oblasti IT prin\u00e1\u0161a. Ve\u013ea firiem nakupuje IT e\u0161te st\u00e1le tzv. capexov\u00fdm sp\u00f4sobom. Zarob\u00ed si peniaze v r\u00e1mci svojej \u010dinnosti a n\u00e1sledne pod\u013ea potrieb investuje v nepravideln\u00fdch intervaloch vo v\u00e4\u010d\u0161\u00edch sum\u00e1ch. Ak si ale chcete svoje v\u00fddavky str\u00e1\u017ei\u0165 na mesa\u010dnej b\u00e1ze a chcete&#8230;<\/p>\n","protected":false},"author":2,"featured_media":0,"parent":561,"menu_order":0,"comment_status":"closed","ping_status":"closed","template":"","meta":{"footnotes":"","_links_to":"","_links_to_target":""},"class_list":["post-627","page","type-page","status-publish","hentry"],"_links":{"self":[{"href":"https:\/\/www.nts.sk\/index.php\/wp-json\/wp\/v2\/pages\/627","targetHints":{"allow":["GET"]}}],"collection":[{"href":"https:\/\/www.nts.sk\/index.php\/wp-json\/wp\/v2\/pages"}],"about":[{"href":"https:\/\/www.nts.sk\/index.php\/wp-json\/wp\/v2\/types\/page"}],"author":[{"embeddable":true,"href":"https:\/\/www.nts.sk\/index.php\/wp-json\/wp\/v2\/users\/2"}],"replies":[{"embeddable":true,"href":"https:\/\/www.nts.sk\/index.php\/wp-json\/wp\/v2\/comments?post=627"}],"version-history":[{"count":4,"href":"https:\/\/www.nts.sk\/index.php\/wp-json\/wp\/v2\/pages\/627\/revisions"}],"predecessor-version":[{"id":810,"href":"https:\/\/www.nts.sk\/index.php\/wp-json\/wp\/v2\/pages\/627\/revisions\/810"}],"up":[{"embeddable":true,"href":"https:\/\/www.nts.sk\/index.php\/wp-json\/wp\/v2\/pages\/561"}],"wp:attachment":[{"href":"https:\/\/www.nts.sk\/index.php\/wp-json\/wp\/v2\/media?parent=627"}],"curies":[{"name":"wp","href":"https:\/\/api.w.org\/{rel}","templated":true}]}}