{"id":639,"date":"2023-02-24T18:05:28","date_gmt":"2023-02-24T17:05:28","guid":{"rendered":"http:\/\/www.nts.sk\/?page_id=639"},"modified":"2024-01-23T11:06:09","modified_gmt":"2024-01-23T10:06:09","slug":"cenova-ponuka","status":"publish","type":"page","link":"https:\/\/www.nts.sk\/index.php\/ponuka\/cenova-ponuka\/","title":{"rendered":"Cenov\u00e1 ponuka"},"content":{"rendered":"\t\t<div data-elementor-type=\"wp-page\" data-elementor-id=\"639\" class=\"elementor elementor-639\">\n\t\t\t\t\t\t<section class=\"elementor-section elementor-top-section elementor-element elementor-element-6bec045 elementor-section-boxed elementor-section-height-default elementor-section-height-default\" data-id=\"6bec045\" data-element_type=\"section\" data-e-type=\"section\">\n\t\t\t\t\t\t<div class=\"elementor-container elementor-column-gap-default\">\n\t\t\t\t\t<div class=\"elementor-column elementor-col-66 elementor-top-column elementor-element elementor-element-8a608dd\" data-id=\"8a608dd\" data-element_type=\"column\" data-e-type=\"column\">\n\t\t\t<div class=\"elementor-widget-wrap elementor-element-populated\">\n\t\t\t\t\t\t<div class=\"elementor-element elementor-element-e9f076d elementor-widget elementor-widget-shortcode\" data-id=\"e9f076d\" data-element_type=\"widget\" data-e-type=\"widget\" data-widget_type=\"shortcode.default\">\n\t\t\t\t<div class=\"elementor-widget-container\">\n\t\t\t\t\t\t\t<div class=\"elementor-shortcode\">\n<div class=\"wpcf7 no-js\" id=\"wpcf7-f12-o1\" lang=\"sk-SK\" dir=\"ltr\" data-wpcf7-id=\"12\">\n<div class=\"screen-reader-response\"><p role=\"status\" aria-live=\"polite\" aria-atomic=\"true\"><\/p> <ul><\/ul><\/div>\n<form action=\"\/index.php\/wp-json\/wp\/v2\/pages\/639#wpcf7-f12-o1\" method=\"post\" class=\"wpcf7-form init\" aria-label=\"Kontaktn\u00fd formul\u00e1r\" novalidate=\"novalidate\" data-status=\"init\">\n<fieldset class=\"hidden-fields-container\"><input type=\"hidden\" name=\"_wpcf7\" value=\"12\" \/><input type=\"hidden\" name=\"_wpcf7_version\" value=\"6.1.5\" \/><input type=\"hidden\" name=\"_wpcf7_locale\" value=\"sk_SK\" \/><input type=\"hidden\" name=\"_wpcf7_unit_tag\" value=\"wpcf7-f12-o1\" \/><input type=\"hidden\" name=\"_wpcf7_container_post\" value=\"0\" \/><input type=\"hidden\" name=\"_wpcf7_posted_data_hash\" value=\"\" \/><input type=\"hidden\" name=\"_wpcf7_recaptcha_response\" value=\"\" \/>\n<\/fieldset>\n<p><label>Va\u0161e meno :<b style=\"color:Red;\">*<\/b><br \/>\n<span class=\"wpcf7-form-control-wrap\" data-name=\"Firstname\"><input size=\"40\" maxlength=\"400\" class=\"wpcf7-form-control wpcf7-text wpcf7-validates-as-required\" autocomplete=\"name\" aria-required=\"true\" aria-invalid=\"false\" value=\"\" type=\"text\" name=\"Firstname\" \/><\/span><\/label>\n<\/p>\n<p><label>Va\u0161e priezvisko :<b style=\"color:Red;\">*<\/b><br \/>\n<span class=\"wpcf7-form-control-wrap\" data-name=\"Lastname\"><input size=\"40\" maxlength=\"400\" class=\"wpcf7-form-control wpcf7-text wpcf7-validates-as-required\" autocomplete=\"name\" aria-required=\"true\" aria-invalid=\"false\" value=\"\" type=\"text\" name=\"Lastname\" \/><\/span><\/label>\n<\/p>\n<p><label>V\u00e1\u0161 email :<b style=\"color:Red;\">*<\/b><br \/>\n<span class=\"wpcf7-form-control-wrap\" data-name=\"email\"><input size=\"40\" maxlength=\"400\" class=\"wpcf7-form-control wpcf7-email wpcf7-validates-as-required wpcf7-text wpcf7-validates-as-email\" autocomplete=\"email\" aria-required=\"true\" aria-invalid=\"false\" value=\"\" type=\"email\" name=\"email\" \/><\/span> <\/label>\n<\/p>\n<p><label>Telef\u00f3nn\u00e9 \u010d\u00edslo (v tvare +421 XXX XXX XXX) :<b style=\"color:Red;\">*<\/b><br \/>\n<span class=\"wpcf7-form-control-wrap\" data-name=\"sms\"><input size=\"40\" maxlength=\"400\" class=\"wpcf7-form-control wpcf7-tel wpcf7-validates-as-required wpcf7-text wpcf7-validates-as-tel\" aria-required=\"true\" aria-invalid=\"false\" value=\"\" type=\"tel\" name=\"sms\" \/><\/span> <\/label>\n<\/p>\n<p><label>Spolo\u010dnos\u0165 :<b style=\"color:Red;\">*<\/b><br \/>\n<span class=\"wpcf7-form-control-wrap\" data-name=\"spolocnost\"><input size=\"40\" maxlength=\"400\" class=\"wpcf7-form-control wpcf7-text wpcf7-validates-as-required\" autocomplete=\"spolocnost\" aria-required=\"true\" aria-invalid=\"false\" value=\"\" type=\"text\" name=\"spolocnost\" \/><\/span> <\/label>\n<\/p>\n<p><label>Va\u0161a spr\u00e1va :<b style=\"color:Red;\">*<\/b><br \/>\n<span class=\"wpcf7-form-control-wrap\" data-name=\"textarea-707\"><textarea cols=\"40\" rows=\"10\" maxlength=\"2000\" class=\"wpcf7-form-control wpcf7-textarea wpcf7-validates-as-required\" aria-required=\"true\" aria-invalid=\"false\" name=\"textarea-707\">Nap\u00ed\u0161te n\u00e1m, o \u010do m\u00e1te z\u00e1ujem<\/textarea><\/span> <\/label>\n<\/p>\n<p><span class=\"wpcf7-form-control-wrap\" data-name=\"acceptance-10818\"><span class=\"wpcf7-form-control wpcf7-acceptance\"><span class=\"wpcf7-list-item\"><label><input type=\"checkbox\" name=\"acceptance-10818\" value=\"1\" aria-invalid=\"false\" \/><span class=\"wpcf7-list-item-label\">Za\u0161krtnut\u00edm tohto pol\u00ed\u010dka s\u00fahlas\u00edm so spracovan\u00edm svojich osobn\u00fdch \u00fadajov pre potreby vyhodnotenia dotazn\u00edka v s\u00falade s platnou legislat\u00edvou Slovenskej republiky a z\u00e1sadami GDPR, ktor\u00e9 s\u00fa uveden\u00e9 na tejto str\u00e1nke. Za pochopenie V\u00e1m \u010fakujeme.<\/span><\/label><\/span><\/span><\/span>\n<\/p>\n<p>Op\u00ed\u0161te k\u00f3d do pol\u00ed\u010dka pod<br \/>\n<input type=\"hidden\" name=\"_wpcf7_captcha_challenge_captcha-1\" value=\"3569068850\" \/><img decoding=\"async\" class=\"wpcf7-form-control wpcf7-captchac wpcf7-captcha-captcha-1\" width=\"72\" height=\"24\" alt=\"captcha\" src=\"https:\/\/www.nts.sk\/wp-content\/uploads\/wpcf7_captcha\/3569068850.png\" \/><span class=\"wpcf7-form-control-wrap\" data-name=\"captcha-1\"><input size=\"40\" class=\"wpcf7-form-control wpcf7-captchar\" autocomplete=\"off\" aria-invalid=\"false\" value=\"\" type=\"text\" name=\"captcha-1\" \/><\/span>\n<\/p>\n<p><input class=\"wpcf7-form-control wpcf7-submit has-spinner\" type=\"submit\" value=\"Posla\u0165 \u017eiados\u0165 o cenov\u00fa ponuku\" \/>\n<\/p><div class=\"wpcf7-response-output\" aria-hidden=\"true\"><\/div>\n<\/form>\n<\/div>\n<\/div>\n\t\t\t\t\t\t<\/div>\n\t\t\t\t<\/div>\n\t\t\t\t\t<\/div>\n\t\t<\/div>\n\t\t\t\t<div class=\"elementor-column elementor-col-33 elementor-top-column elementor-element elementor-element-2e766e6\" data-id=\"2e766e6\" data-element_type=\"column\" data-e-type=\"column\">\n\t\t\t<div class=\"elementor-widget-wrap elementor-element-populated\">\n\t\t\t\t\t\t<div class=\"elementor-element elementor-element-c689f61 elementor-widget elementor-widget-text-editor\" data-id=\"c689f61\" data-element_type=\"widget\" data-e-type=\"widget\" data-widget_type=\"text-editor.default\">\n\t\t\t\t<div class=\"elementor-widget-container\">\n\t\t\t\t\t\t\t\t\t<p><strong>\u010co bude nasledova\u0165?<\/strong><\/p>\n<p><strong>1. Odo\u0161lete vyplnen\u00fd formul\u00e1r<\/strong><br>Vypl\u0148te a odo\u0161lite formul\u00e1r, aby sme v\u00e1s mohli kontaktova\u0165.<\/p>\n<p><strong>2. Zavol\u00e1me V\u00e1m v pr\u00edpade nejasnost\u00ed<\/strong><br>Spolo\u010dne si upresn\u00edme detaily pre najkvalitnej\u0161iu cenov\u00fa ponuku.<\/p>\n<p><strong>3. Za\u0161leme cenov\u00fa ponuku<\/strong><br>N\u00e1\u0161 obchodn\u00edk vytvor\u00ed a po\u0161le cenov\u00fa ponuku.<\/p>\n<p><strong>4. \u00daprava cenovej ponuky<\/strong><br>Doladenie detailov cenovej ponuky.<\/p>\n<p><strong>5. Objedn\u00e1vka<\/strong><br>Ak budete s na\u0161ou cenovou ponukou spokojn\u00ed, za\u0161lete n\u00e1m objedn\u00e1vku.<\/p>\n<p><strong>6. Dodanie<\/strong><br>Dod\u00e1me objednan\u00fd hardware, software alebo pr\u00e1ce.<\/p>\n<p><strong>7. Podpora po dodan\u00ed<\/strong><br>Poskytneme profesion\u00e1lne slu\u017eby pre \u00faspe\u0161n\u00e9 dokon\u010denie projektu.<\/p>\t\t\t\t\t\t\t\t<\/div>\n\t\t\t\t<\/div>\n\t\t\t\t\t<\/div>\n\t\t<\/div>\n\t\t\t\t\t<\/div>\n\t\t<\/section>\n\t\t\t\t<\/div>\n\t\t","protected":false},"excerpt":{"rendered":"<p>\u010co bude nasledova\u0165? 1. Odo\u0161lete vyplnen\u00fd formul\u00e1rVypl\u0148te a odo\u0161lite formul\u00e1r, aby sme v\u00e1s mohli kontaktova\u0165. 2. Zavol\u00e1me V\u00e1m v pr\u00edpade nejasnost\u00edSpolo\u010dne si upresn\u00edme detaily pre najkvalitnej\u0161iu cenov\u00fa ponuku. 3. Za\u0161leme cenov\u00fa ponukuN\u00e1\u0161 obchodn\u00edk vytvor\u00ed a po\u0161le cenov\u00fa ponuku. 4. \u00daprava cenovej ponukyDoladenie detailov cenovej ponuky. 5. Objedn\u00e1vkaAk budete s na\u0161ou cenovou ponukou spokojn\u00ed, za\u0161lete n\u00e1m objedn\u00e1vku. 6. DodanieDod\u00e1me objednan\u00fd hardware,&#8230;<\/p>\n","protected":false},"author":2,"featured_media":0,"parent":635,"menu_order":0,"comment_status":"closed","ping_status":"closed","template":"","meta":{"footnotes":"","_links_to":"","_links_to_target":""},"class_list":["post-639","page","type-page","status-publish","hentry"],"_links":{"self":[{"href":"https:\/\/www.nts.sk\/index.php\/wp-json\/wp\/v2\/pages\/639","targetHints":{"allow":["GET"]}}],"collection":[{"href":"https:\/\/www.nts.sk\/index.php\/wp-json\/wp\/v2\/pages"}],"about":[{"href":"https:\/\/www.nts.sk\/index.php\/wp-json\/wp\/v2\/types\/page"}],"author":[{"embeddable":true,"href":"https:\/\/www.nts.sk\/index.php\/wp-json\/wp\/v2\/users\/2"}],"replies":[{"embeddable":true,"href":"https:\/\/www.nts.sk\/index.php\/wp-json\/wp\/v2\/comments?post=639"}],"version-history":[{"count":10,"href":"https:\/\/www.nts.sk\/index.php\/wp-json\/wp\/v2\/pages\/639\/revisions"}],"predecessor-version":[{"id":1322,"href":"https:\/\/www.nts.sk\/index.php\/wp-json\/wp\/v2\/pages\/639\/revisions\/1322"}],"up":[{"embeddable":true,"href":"https:\/\/www.nts.sk\/index.php\/wp-json\/wp\/v2\/pages\/635"}],"wp:attachment":[{"href":"https:\/\/www.nts.sk\/index.php\/wp-json\/wp\/v2\/media?parent=639"}],"curies":[{"name":"wp","href":"https:\/\/api.w.org\/{rel}","templated":true}]}}