{"id":643,"date":"2023-02-24T18:06:57","date_gmt":"2023-02-24T17:06:57","guid":{"rendered":"http:\/\/www.nts.sk\/?page_id=643"},"modified":"2024-01-23T16:51:31","modified_gmt":"2024-01-23T15:51:31","slug":"volne-pozicie","status":"publish","type":"page","link":"https:\/\/www.nts.sk\/index.php\/ponuka\/volne-pozicie\/","title":{"rendered":"Vo\u013en\u00e9 poz\u00edcie"},"content":{"rendered":"\t\t<div data-elementor-type=\"wp-page\" data-elementor-id=\"643\" class=\"elementor elementor-643\">\n\t\t\t\t\t\t<section class=\"elementor-section elementor-top-section elementor-element elementor-element-5ed2a12 elementor-section-boxed elementor-section-height-default elementor-section-height-default\" data-id=\"5ed2a12\" data-element_type=\"section\" data-e-type=\"section\">\n\t\t\t\t\t\t<div class=\"elementor-container elementor-column-gap-default\">\n\t\t\t\t\t<div class=\"elementor-column elementor-col-100 elementor-top-column elementor-element elementor-element-f3f80c4\" data-id=\"f3f80c4\" data-element_type=\"column\" data-e-type=\"column\">\n\t\t\t<div class=\"elementor-widget-wrap elementor-element-populated\">\n\t\t\t\t\t\t<div class=\"elementor-element elementor-element-bea0dd3 elementor-widget elementor-widget-heading\" data-id=\"bea0dd3\" data-element_type=\"widget\" data-e-type=\"widget\" data-widget_type=\"heading.default\">\n\t\t\t\t<div class=\"elementor-widget-container\">\n\t\t\t\t\t<h3 class=\"elementor-heading-title elementor-size-default\">Sme profesion\u00e1lna firma a radi uv\u00edtame profesion\u00e1lov vo svojom obore. Budete ma\u0165 pr\u00edstup k najnov\u0161\u00edm technol\u00f3giam, \u0161koleniam, certifik\u00e1ciam a r\u00e1tame, \u017ee sa stanete najlep\u0161\u00edm vo svojej oblasti. Vy sami mus\u00edte ma\u0165 nasadenie najlep\u0161\u00edch.<\/h3>\t\t\t\t<\/div>\n\t\t\t\t<\/div>\n\t\t\t\t\t<\/div>\n\t\t<\/div>\n\t\t\t\t\t<\/div>\n\t\t<\/section>\n\t\t\t\t<section class=\"elementor-section elementor-top-section elementor-element elementor-element-f4b6aea elementor-section-boxed elementor-section-height-default elementor-section-height-default\" data-id=\"f4b6aea\" data-element_type=\"section\" data-e-type=\"section\">\n\t\t\t\t\t\t<div class=\"elementor-container elementor-column-gap-default\">\n\t\t\t\t\t<div class=\"elementor-column elementor-col-100 elementor-top-column elementor-element elementor-element-2f06b55\" data-id=\"2f06b55\" data-element_type=\"column\" data-e-type=\"column\">\n\t\t\t<div class=\"elementor-widget-wrap elementor-element-populated\">\n\t\t\t\t\t\t<section class=\"elementor-section elementor-inner-section elementor-element elementor-element-fa71f3a elementor-section-boxed elementor-section-height-default elementor-section-height-default\" data-id=\"fa71f3a\" data-element_type=\"section\" data-e-type=\"section\">\n\t\t\t\t\t\t<div class=\"elementor-container elementor-column-gap-default\">\n\t\t\t\t\t<div class=\"elementor-column elementor-col-33 elementor-inner-column elementor-element elementor-element-235f189\" data-id=\"235f189\" data-element_type=\"column\" data-e-type=\"column\">\n\t\t\t<div class=\"elementor-widget-wrap elementor-element-populated\">\n\t\t\t\t\t\t<div class=\"elementor-element elementor-element-321b80c elementor-widget elementor-widget-heading\" data-id=\"321b80c\" data-element_type=\"widget\" data-e-type=\"widget\" data-widget_type=\"heading.default\">\n\t\t\t\t<div class=\"elementor-widget-container\">\n\t\t\t\t\t<h4 class=\"elementor-heading-title elementor-size-default\">1. Syst\u00e9mov\u00fd \u0161pecialista<\/h4>\t\t\t\t<\/div>\n\t\t\t\t<\/div>\n\t\t\t\t\t<\/div>\n\t\t<\/div>\n\t\t\t\t<div class=\"elementor-column elementor-col-33 elementor-inner-column elementor-element elementor-element-9477837\" data-id=\"9477837\" data-element_type=\"column\" data-e-type=\"column\">\n\t\t\t<div class=\"elementor-widget-wrap elementor-element-populated\">\n\t\t\t\t\t\t<div class=\"elementor-element elementor-element-ae137be elementor-widget elementor-widget-image\" data-id=\"ae137be\" data-element_type=\"widget\" data-e-type=\"widget\" data-widget_type=\"image.default\">\n\t\t\t\t<div class=\"elementor-widget-container\">\n\t\t\t\t\t\t\t\t\t\t\t\t\t\t\t<img decoding=\"async\" width=\"86\" height=\"85\" src=\"https:\/\/www.nts.sk\/wp-content\/uploads\/2023\/02\/1.jpg\" class=\"attachment-large size-large wp-image-733\" alt=\"\" \/>\t\t\t\t\t\t\t\t\t\t\t\t\t\t\t<\/div>\n\t\t\t\t<\/div>\n\t\t\t\t\t<\/div>\n\t\t<\/div>\n\t\t\t\t<div class=\"elementor-column elementor-col-33 elementor-inner-column elementor-element elementor-element-4468998\" data-id=\"4468998\" data-element_type=\"column\" data-e-type=\"column\">\n\t\t\t<div class=\"elementor-widget-wrap elementor-element-populated\">\n\t\t\t\t\t\t<div class=\"elementor-element elementor-element-795438d elementor-widget elementor-widget-text-editor\" data-id=\"795438d\" data-element_type=\"widget\" data-e-type=\"widget\" data-widget_type=\"text-editor.default\">\n\t\t\t\t<div class=\"elementor-widget-container\">\n\t\t\t\t\t\t\t\t\t<p>Zozn\u00e1mte sa s produktmi, ktor\u00e9 s\u00fa na na\u0161ej str\u00e1nke. Chcete ich podporova\u0165 u z\u00e1kazn\u00edkov? Chcete sa zozn\u00e1mi\u0165 s najnov\u0161\u00edmi vecami vo svete IT? U\u017e m\u00e1te alebo ste bl\u00edzko ku certifik\u00e1cii MCP, MCSE, CNE, CCNA, &#8230; Potom ste na spr\u00e1vnej adrese a ozvite sa n\u00e1m.<br \/>Kontakt:\u00a0job@nts.sk<\/p>\t\t\t\t\t\t\t\t<\/div>\n\t\t\t\t<\/div>\n\t\t\t\t\t<\/div>\n\t\t<\/div>\n\t\t\t\t\t<\/div>\n\t\t<\/section>\n\t\t\t\t\t<\/div>\n\t\t<\/div>\n\t\t\t\t\t<\/div>\n\t\t<\/section>\n\t\t\t\t<section class=\"elementor-section elementor-top-section elementor-element elementor-element-0f6db07 elementor-section-boxed elementor-section-height-default elementor-section-height-default\" data-id=\"0f6db07\" data-element_type=\"section\" data-e-type=\"section\">\n\t\t\t\t\t\t<div class=\"elementor-container elementor-column-gap-default\">\n\t\t\t\t\t<div class=\"elementor-column elementor-col-100 elementor-top-column elementor-element elementor-element-316483c\" data-id=\"316483c\" data-element_type=\"column\" data-e-type=\"column\">\n\t\t\t<div class=\"elementor-widget-wrap elementor-element-populated\">\n\t\t\t\t\t\t<section class=\"elementor-section elementor-inner-section elementor-element elementor-element-6a3f415 elementor-section-boxed elementor-section-height-default elementor-section-height-default\" data-id=\"6a3f415\" data-element_type=\"section\" data-e-type=\"section\">\n\t\t\t\t\t\t<div class=\"elementor-container elementor-column-gap-default\">\n\t\t\t\t\t<div class=\"elementor-column elementor-col-33 elementor-inner-column elementor-element elementor-element-166c761\" data-id=\"166c761\" data-element_type=\"column\" data-e-type=\"column\">\n\t\t\t<div class=\"elementor-widget-wrap elementor-element-populated\">\n\t\t\t\t\t\t<div class=\"elementor-element elementor-element-52c59c2 elementor-widget elementor-widget-heading\" data-id=\"52c59c2\" data-element_type=\"widget\" data-e-type=\"widget\" data-widget_type=\"heading.default\">\n\t\t\t\t<div class=\"elementor-widget-container\">\n\t\t\t\t\t<h4 class=\"elementor-heading-title elementor-size-default\">2. Po\u010d\u00edta\u010dov\u00fd konzultant<\/h4>\t\t\t\t<\/div>\n\t\t\t\t<\/div>\n\t\t\t\t\t<\/div>\n\t\t<\/div>\n\t\t\t\t<div class=\"elementor-column elementor-col-33 elementor-inner-column elementor-element elementor-element-4989a04\" data-id=\"4989a04\" data-element_type=\"column\" data-e-type=\"column\">\n\t\t\t<div class=\"elementor-widget-wrap elementor-element-populated\">\n\t\t\t\t\t\t<div class=\"elementor-element elementor-element-e562fe8 elementor-widget elementor-widget-image\" data-id=\"e562fe8\" data-element_type=\"widget\" data-e-type=\"widget\" data-widget_type=\"image.default\">\n\t\t\t\t<div class=\"elementor-widget-container\">\n\t\t\t\t\t\t\t\t\t\t\t\t\t\t\t<img decoding=\"async\" width=\"85\" height=\"85\" src=\"https:\/\/www.nts.sk\/wp-content\/uploads\/2023\/02\/2.gif\" class=\"attachment-large size-large wp-image-734\" alt=\"\" \/>\t\t\t\t\t\t\t\t\t\t\t\t\t\t\t<\/div>\n\t\t\t\t<\/div>\n\t\t\t\t\t<\/div>\n\t\t<\/div>\n\t\t\t\t<div class=\"elementor-column elementor-col-33 elementor-inner-column elementor-element elementor-element-ba08a89\" data-id=\"ba08a89\" data-element_type=\"column\" data-e-type=\"column\">\n\t\t\t<div class=\"elementor-widget-wrap elementor-element-populated\">\n\t\t\t\t\t\t<div class=\"elementor-element elementor-element-1664416 elementor-widget elementor-widget-text-editor\" data-id=\"1664416\" data-element_type=\"widget\" data-e-type=\"widget\" data-widget_type=\"text-editor.default\">\n\t\t\t\t<div class=\"elementor-widget-container\">\n\t\t\t\t\t\t\t\t\t<p>M\u00e1te preh\u013ead vo svete po\u010d\u00edta\u010dov a viete poradi\u0165 ? Viete komunikova\u0165 s \u013eu\u010fmi, naladi\u0165 sa na ich vlnov\u00fa d\u013a\u017eku? Ste \u010dist\u00fd za\u010diato\u010dn\u00edk, ale pozn\u00e1te hlavn\u00fdch distrib\u00fatorov a hlavn\u00e9 smery, alebo ste u\u017e &#8222;guru&#8220; a m\u00e1te za sebou spokojn\u00fdch z\u00e1kazn\u00edkov&#8230; Tak sa n\u00e1m sk\u00faste ozva\u0165 na: job@nts.sk<\/p>\t\t\t\t\t\t\t\t<\/div>\n\t\t\t\t<\/div>\n\t\t\t\t\t<\/div>\n\t\t<\/div>\n\t\t\t\t\t<\/div>\n\t\t<\/section>\n\t\t\t\t\t<\/div>\n\t\t<\/div>\n\t\t\t\t\t<\/div>\n\t\t<\/section>\n\t\t\t\t<section class=\"elementor-section elementor-top-section elementor-element elementor-element-2675dfb elementor-section-boxed elementor-section-height-default elementor-section-height-default\" data-id=\"2675dfb\" data-element_type=\"section\" data-e-type=\"section\">\n\t\t\t\t\t\t<div class=\"elementor-container elementor-column-gap-default\">\n\t\t\t\t\t<div class=\"elementor-column elementor-col-100 elementor-top-column elementor-element elementor-element-98afcf0\" data-id=\"98afcf0\" data-element_type=\"column\" data-e-type=\"column\">\n\t\t\t<div class=\"elementor-widget-wrap elementor-element-populated\">\n\t\t\t\t\t\t<section class=\"elementor-section elementor-inner-section elementor-element elementor-element-56f1f8c elementor-section-boxed elementor-section-height-default elementor-section-height-default\" data-id=\"56f1f8c\" data-element_type=\"section\" data-e-type=\"section\">\n\t\t\t\t\t\t<div class=\"elementor-container elementor-column-gap-default\">\n\t\t\t\t\t<div class=\"elementor-column elementor-col-33 elementor-inner-column elementor-element elementor-element-e79be5d\" data-id=\"e79be5d\" data-element_type=\"column\" data-e-type=\"column\">\n\t\t\t<div class=\"elementor-widget-wrap elementor-element-populated\">\n\t\t\t\t\t\t<div class=\"elementor-element elementor-element-ea87ec8 elementor-widget elementor-widget-heading\" data-id=\"ea87ec8\" data-element_type=\"widget\" data-e-type=\"widget\" data-widget_type=\"heading.default\">\n\t\t\t\t<div class=\"elementor-widget-container\">\n\t\t\t\t\t<h4 class=\"elementor-heading-title elementor-size-default\">3. Ponuka na prax<\/h4>\t\t\t\t<\/div>\n\t\t\t\t<\/div>\n\t\t\t\t\t<\/div>\n\t\t<\/div>\n\t\t\t\t<div class=\"elementor-column elementor-col-33 elementor-inner-column elementor-element elementor-element-de5b396\" data-id=\"de5b396\" data-element_type=\"column\" data-e-type=\"column\">\n\t\t\t<div class=\"elementor-widget-wrap elementor-element-populated\">\n\t\t\t\t\t\t<div class=\"elementor-element elementor-element-af18351 elementor-widget elementor-widget-image\" data-id=\"af18351\" data-element_type=\"widget\" data-e-type=\"widget\" data-widget_type=\"image.default\">\n\t\t\t\t<div class=\"elementor-widget-container\">\n\t\t\t\t\t\t\t\t\t\t\t\t\t\t\t<img decoding=\"async\" width=\"108\" height=\"84\" src=\"https:\/\/www.nts.sk\/wp-content\/uploads\/2023\/02\/3.gif\" class=\"attachment-medium size-medium wp-image-735\" alt=\"\" \/>\t\t\t\t\t\t\t\t\t\t\t\t\t\t\t<\/div>\n\t\t\t\t<\/div>\n\t\t\t\t\t<\/div>\n\t\t<\/div>\n\t\t\t\t<div class=\"elementor-column elementor-col-33 elementor-inner-column elementor-element elementor-element-3b5320d\" data-id=\"3b5320d\" data-element_type=\"column\" data-e-type=\"column\">\n\t\t\t<div class=\"elementor-widget-wrap elementor-element-populated\">\n\t\t\t\t\t\t<div class=\"elementor-element elementor-element-042bf4b elementor-widget elementor-widget-text-editor\" data-id=\"042bf4b\" data-element_type=\"widget\" data-e-type=\"widget\" data-widget_type=\"text-editor.default\">\n\t\t\t\t<div class=\"elementor-widget-container\">\n\t\t\t\t\t\t\t\t\t<p>Ste nezamestnan\u00fd, alebo \u0161tudent a nikde V\u00e1s nechc\u00fa zobra\u0165, preto\u017ee m\u00e1te nedostatok sk\u00fasenost\u00ed a praxe? Zd\u00e1 sa V\u00e1m, \u017ee str\u00e1cate kontakt s dobou? Pon\u00fakame V\u00e1m mo\u017enos\u0165 nau\u010di\u0165 sa nov\u00e9 veci, uvidie\u0165, \u010do v\u0161etko be\u017en\u00e1 firma vy\u017eaduje. Pou\u017e\u00edvame model, ktor\u00fd n\u00e1jdete v Austr\u00e1lii, Kanade, USA, &#8230; A mo\u017eno u\u017e u n\u00e1s ostanete natrvalo.<br \/>Kontakt: job@nts.sk<\/p>\t\t\t\t\t\t\t\t<\/div>\n\t\t\t\t<\/div>\n\t\t\t\t\t<\/div>\n\t\t<\/div>\n\t\t\t\t\t<\/div>\n\t\t<\/section>\n\t\t\t\t\t<\/div>\n\t\t<\/div>\n\t\t\t\t\t<\/div>\n\t\t<\/section>\n\t\t\t\t<section class=\"elementor-section elementor-top-section elementor-element elementor-element-49f2ac2 elementor-section-boxed elementor-section-height-default elementor-section-height-default\" data-id=\"49f2ac2\" data-element_type=\"section\" data-e-type=\"section\">\n\t\t\t\t\t\t<div class=\"elementor-container elementor-column-gap-default\">\n\t\t\t\t\t<div class=\"elementor-column elementor-col-100 elementor-top-column elementor-element elementor-element-d1effad\" data-id=\"d1effad\" data-element_type=\"column\" data-e-type=\"column\">\n\t\t\t<div class=\"elementor-widget-wrap elementor-element-populated\">\n\t\t\t\t\t\t<section class=\"elementor-section elementor-inner-section elementor-element elementor-element-11c0de0 elementor-section-boxed elementor-section-height-default elementor-section-height-default\" data-id=\"11c0de0\" data-element_type=\"section\" data-e-type=\"section\">\n\t\t\t\t\t\t<div class=\"elementor-container elementor-column-gap-default\">\n\t\t\t\t\t<div class=\"elementor-column elementor-col-33 elementor-inner-column elementor-element elementor-element-b5739c1\" data-id=\"b5739c1\" data-element_type=\"column\" data-e-type=\"column\">\n\t\t\t<div class=\"elementor-widget-wrap elementor-element-populated\">\n\t\t\t\t\t\t<div class=\"elementor-element elementor-element-7ae22c7 elementor-widget elementor-widget-heading\" data-id=\"7ae22c7\" data-element_type=\"widget\" data-e-type=\"widget\" data-widget_type=\"heading.default\">\n\t\t\t\t<div class=\"elementor-widget-container\">\n\t\t\t\t\t<h4 class=\"elementor-heading-title elementor-size-default\">4. Lektor<\/h4>\t\t\t\t<\/div>\n\t\t\t\t<\/div>\n\t\t\t\t\t<\/div>\n\t\t<\/div>\n\t\t\t\t<div class=\"elementor-column elementor-col-33 elementor-inner-column elementor-element elementor-element-9474caf\" data-id=\"9474caf\" data-element_type=\"column\" data-e-type=\"column\">\n\t\t\t<div class=\"elementor-widget-wrap elementor-element-populated\">\n\t\t\t\t\t\t<div class=\"elementor-element elementor-element-58709c4 elementor-widget elementor-widget-image\" data-id=\"58709c4\" data-element_type=\"widget\" data-e-type=\"widget\" data-widget_type=\"image.default\">\n\t\t\t\t<div class=\"elementor-widget-container\">\n\t\t\t\t\t\t\t\t\t\t\t\t\t\t\t<img loading=\"lazy\" decoding=\"async\" width=\"86\" height=\"85\" src=\"https:\/\/www.nts.sk\/wp-content\/uploads\/2023\/02\/4.jpg\" class=\"attachment-large size-large wp-image-736\" alt=\"\" \/>\t\t\t\t\t\t\t\t\t\t\t\t\t\t\t<\/div>\n\t\t\t\t<\/div>\n\t\t\t\t\t<\/div>\n\t\t<\/div>\n\t\t\t\t<div class=\"elementor-column elementor-col-33 elementor-inner-column elementor-element elementor-element-4431e2b\" data-id=\"4431e2b\" data-element_type=\"column\" data-e-type=\"column\">\n\t\t\t<div class=\"elementor-widget-wrap elementor-element-populated\">\n\t\t\t\t\t\t<div class=\"elementor-element elementor-element-bd3e6a1 elementor-widget elementor-widget-text-editor\" data-id=\"bd3e6a1\" data-element_type=\"widget\" data-e-type=\"widget\" data-widget_type=\"text-editor.default\">\n\t\t\t\t<div class=\"elementor-widget-container\">\n\t\t\t\t\t\t\t\t\t<p>Ovl\u00e1date perfektne niektor\u00fd produkt\/program firiem Microsoft, Novell, Adobe, HP\/Compaq, IBM, Lotus, &#8230;, napr. Word, Excell, &#8230;, Corell, Photoshop, Windows 10\/11, Exchange, Linux, &#8230;. a vedeli by ste ich \u0161koli\u0165? Sta\u010d\u00ed, ke\u010f budete fanatikom do pr\u00e1ce\/programu, ktor\u00fd ovl\u00e1date a viete poda\u0165 svoje vedomosti aj Va\u0161im bud\u00facim \u017eiakom. \ud83d\ude42<br>Kontakt: job@nts.sk<\/p>\t\t\t\t\t\t\t\t<\/div>\n\t\t\t\t<\/div>\n\t\t\t\t\t<\/div>\n\t\t<\/div>\n\t\t\t\t\t<\/div>\n\t\t<\/section>\n\t\t\t\t\t<\/div>\n\t\t<\/div>\n\t\t\t\t\t<\/div>\n\t\t<\/section>\n\t\t\t\t<\/div>\n\t\t","protected":false},"excerpt":{"rendered":"<p>Sme profesion\u00e1lna firma a radi uv\u00edtame profesion\u00e1lov vo svojom obore. Budete ma\u0165 pr\u00edstup k najnov\u0161\u00edm technol\u00f3giam, \u0161koleniam, certifik\u00e1ciam a r\u00e1tame, \u017ee sa stanete najlep\u0161\u00edm vo svojej oblasti. Vy sami mus\u00edte ma\u0165 nasadenie najlep\u0161\u00edch. 1. Syst\u00e9mov\u00fd \u0161pecialista Zozn\u00e1mte sa s produktmi, ktor\u00e9 s\u00fa na na\u0161ej str\u00e1nke. Chcete ich podporova\u0165 u z\u00e1kazn\u00edkov? Chcete sa zozn\u00e1mi\u0165 s najnov\u0161\u00edmi vecami vo svete IT? U\u017e&#8230;<\/p>\n","protected":false},"author":2,"featured_media":0,"parent":635,"menu_order":0,"comment_status":"closed","ping_status":"closed","template":"","meta":{"footnotes":"","_links_to":"","_links_to_target":""},"class_list":["post-643","page","type-page","status-publish","hentry"],"_links":{"self":[{"href":"https:\/\/www.nts.sk\/index.php\/wp-json\/wp\/v2\/pages\/643","targetHints":{"allow":["GET"]}}],"collection":[{"href":"https:\/\/www.nts.sk\/index.php\/wp-json\/wp\/v2\/pages"}],"about":[{"href":"https:\/\/www.nts.sk\/index.php\/wp-json\/wp\/v2\/types\/page"}],"author":[{"embeddable":true,"href":"https:\/\/www.nts.sk\/index.php\/wp-json\/wp\/v2\/users\/2"}],"replies":[{"embeddable":true,"href":"https:\/\/www.nts.sk\/index.php\/wp-json\/wp\/v2\/comments?post=643"}],"version-history":[{"count":13,"href":"https:\/\/www.nts.sk\/index.php\/wp-json\/wp\/v2\/pages\/643\/revisions"}],"predecessor-version":[{"id":1367,"href":"https:\/\/www.nts.sk\/index.php\/wp-json\/wp\/v2\/pages\/643\/revisions\/1367"}],"up":[{"embeddable":true,"href":"https:\/\/www.nts.sk\/index.php\/wp-json\/wp\/v2\/pages\/635"}],"wp:attachment":[{"href":"https:\/\/www.nts.sk\/index.php\/wp-json\/wp\/v2\/media?parent=643"}],"curies":[{"name":"wp","href":"https:\/\/api.w.org\/{rel}","templated":true}]}}