{"id":822,"date":"2023-02-25T22:33:36","date_gmt":"2023-02-25T21:33:36","guid":{"rendered":"http:\/\/www.nts.sk\/?page_id=822"},"modified":"2024-01-31T14:26:48","modified_gmt":"2024-01-31T13:26:48","slug":"nasa-spolocnost","status":"publish","type":"page","link":"https:\/\/www.nts.sk\/index.php\/about-us\/nasa-spolocnost\/","title":{"rendered":"Na\u0161a spolo\u010dnos\u0165"},"content":{"rendered":"\t\t<div data-elementor-type=\"wp-page\" data-elementor-id=\"822\" class=\"elementor elementor-822\">\n\t\t\t\t\t\t<section class=\"elementor-section elementor-top-section elementor-element elementor-element-3d5fde3 elementor-section-boxed elementor-section-height-default elementor-section-height-default\" data-id=\"3d5fde3\" data-element_type=\"section\" data-e-type=\"section\">\n\t\t\t\t\t\t<div class=\"elementor-container elementor-column-gap-default\">\n\t\t\t\t\t<div class=\"elementor-column elementor-col-100 elementor-top-column elementor-element elementor-element-5dcd0da\" data-id=\"5dcd0da\" data-element_type=\"column\" data-e-type=\"column\">\n\t\t\t<div class=\"elementor-widget-wrap elementor-element-populated\">\n\t\t\t\t\t\t<div class=\"elementor-element elementor-element-9db4c1e elementor-arrows-position-inside elementor-pagination-position-outside elementor-widget elementor-widget-image-carousel\" data-id=\"9db4c1e\" data-element_type=\"widget\" data-e-type=\"widget\" data-settings=\"{&quot;slides_to_show&quot;:&quot;3&quot;,&quot;navigation&quot;:&quot;both&quot;,&quot;autoplay&quot;:&quot;yes&quot;,&quot;pause_on_hover&quot;:&quot;yes&quot;,&quot;pause_on_interaction&quot;:&quot;yes&quot;,&quot;autoplay_speed&quot;:5000,&quot;infinite&quot;:&quot;yes&quot;,&quot;speed&quot;:500}\" data-widget_type=\"image-carousel.default\">\n\t\t\t\t<div class=\"elementor-widget-container\">\n\t\t\t\t\t\t\t<div class=\"elementor-image-carousel-wrapper swiper\" role=\"region\" aria-roledescription=\"carousel\" aria-label=\"Obr\u00e1zkov\u00fd kot\u00fa\u010d\" dir=\"ltr\">\n\t\t\t<div class=\"elementor-image-carousel swiper-wrapper\" aria-live=\"off\">\n\t\t\t\t\t\t\t\t<div class=\"swiper-slide\" role=\"group\" aria-roledescription=\"slide\" aria-label=\"1 of 11\"><figure class=\"swiper-slide-inner\"><img decoding=\"async\" class=\"swiper-slide-image\" src=\"https:\/\/www.nts.sk\/wp-content\/uploads\/2024\/01\/eset-gold-partner.png\" alt=\"eset-gold-partner\" \/><\/figure><\/div><div class=\"swiper-slide\" role=\"group\" aria-roledescription=\"slide\" aria-label=\"2 of 11\"><figure class=\"swiper-slide-inner\"><img decoding=\"async\" class=\"swiper-slide-image\" src=\"https:\/\/www.nts.sk\/wp-content\/uploads\/2023\/02\/cisco.png\" alt=\"cisco\" \/><\/figure><\/div><div class=\"swiper-slide\" role=\"group\" aria-roledescription=\"slide\" aria-label=\"3 of 11\"><figure class=\"swiper-slide-inner\"><img decoding=\"async\" class=\"swiper-slide-image\" src=\"https:\/\/www.nts.sk\/wp-content\/uploads\/2023\/02\/zyxel-networks-logo.png\" alt=\"zyxel-networks-logo\" \/><\/figure><\/div><div class=\"swiper-slide\" role=\"group\" aria-roledescription=\"slide\" aria-label=\"4 of 11\"><figure class=\"swiper-slide-inner\"><img decoding=\"async\" class=\"swiper-slide-image\" src=\"https:\/\/www.nts.sk\/wp-content\/uploads\/2024\/01\/lenovo360-gold-infrastructure-solutions-partner.png\" alt=\"lenovo360-gold-infrastructure-solutions-partner\" \/><\/figure><\/div><div class=\"swiper-slide\" role=\"group\" aria-roledescription=\"slide\" aria-label=\"5 of 11\"><figure class=\"swiper-slide-inner\"><img decoding=\"async\" class=\"swiper-slide-image\" src=\"https:\/\/www.nts.sk\/wp-content\/uploads\/2023\/02\/APC.png\" alt=\"APC\" \/><\/figure><\/div><div class=\"swiper-slide\" role=\"group\" aria-roledescription=\"slide\" aria-label=\"6 of 11\"><figure class=\"swiper-slide-inner\"><img decoding=\"async\" class=\"swiper-slide-image\" src=\"https:\/\/www.nts.sk\/wp-content\/uploads\/2024\/01\/tplink-smbcertified-partner.png\" alt=\"tplink-smbcertified-partner\" \/><\/figure><\/div><div class=\"swiper-slide\" role=\"group\" aria-roledescription=\"slide\" aria-label=\"7 of 11\"><figure class=\"swiper-slide-inner\"><img decoding=\"async\" class=\"swiper-slide-image\" src=\"https:\/\/www.nts.sk\/wp-content\/uploads\/2023\/02\/hp-business-partner.png\" alt=\"hp-business-partner\" \/><\/figure><\/div><div class=\"swiper-slide\" role=\"group\" aria-roledescription=\"slide\" aria-label=\"8 of 11\"><figure class=\"swiper-slide-inner\"><img decoding=\"async\" class=\"swiper-slide-image\" src=\"https:\/\/www.nts.sk\/wp-content\/uploads\/2023\/02\/microsoft_partner.jpg\" alt=\"microsoft_partner\" \/><\/figure><\/div><div class=\"swiper-slide\" role=\"group\" aria-roledescription=\"slide\" aria-label=\"9 of 11\"><figure class=\"swiper-slide-inner\"><img decoding=\"async\" class=\"swiper-slide-image\" src=\"https:\/\/www.nts.sk\/wp-content\/uploads\/2024\/01\/lenovo360-authrozited-ineligent-devices-partner.png\" alt=\"lenovo360-authrozited-ineligent-devices-partner\" \/><\/figure><\/div><div class=\"swiper-slide\" role=\"group\" aria-roledescription=\"slide\" aria-label=\"10 of 11\"><figure class=\"swiper-slide-inner\"><img decoding=\"async\" class=\"swiper-slide-image\" src=\"https:\/\/www.nts.sk\/wp-content\/uploads\/2024\/01\/DT_AuthorizedPartner_Blue.png\" alt=\"DT_AuthorizedPartner_Blue\" \/><\/figure><\/div><div class=\"swiper-slide\" role=\"group\" aria-roledescription=\"slide\" aria-label=\"11 of 11\"><figure class=\"swiper-slide-inner\"><img decoding=\"async\" class=\"swiper-slide-image\" src=\"https:\/\/www.nts.sk\/wp-content\/uploads\/2023\/03\/vmware-partner-enterprise-solution-provider-vector-logo.png\" alt=\"vmware-partner-enterprise-solution-provider-vector-logo\" \/><\/figure><\/div>\t\t\t<\/div>\n\t\t\t\t\t\t\t\t\t\t\t\t<div class=\"elementor-swiper-button elementor-swiper-button-prev\" role=\"button\" tabindex=\"0\">\n\t\t\t\t\t\t<i aria-hidden=\"true\" class=\"eicon-chevron-left\"><\/i>\t\t\t\t\t<\/div>\n\t\t\t\t\t<div class=\"elementor-swiper-button elementor-swiper-button-next\" role=\"button\" tabindex=\"0\">\n\t\t\t\t\t\t<i aria-hidden=\"true\" class=\"eicon-chevron-right\"><\/i>\t\t\t\t\t<\/div>\n\t\t\t\t\n\t\t\t\t\t\t\t\t\t<div class=\"swiper-pagination\"><\/div>\n\t\t\t\t\t\t\t\t\t<\/div>\n\t\t\t\t\t\t<\/div>\n\t\t\t\t<\/div>\n\t\t\t\t\t<\/div>\n\t\t<\/div>\n\t\t\t\t\t<\/div>\n\t\t<\/section>\n\t\t\t\t<section class=\"elementor-section elementor-top-section elementor-element elementor-element-4580cd58 elementor-section-boxed elementor-section-height-default elementor-section-height-default\" data-id=\"4580cd58\" data-element_type=\"section\" data-e-type=\"section\">\n\t\t\t\t\t\t<div class=\"elementor-container elementor-column-gap-default\">\n\t\t\t\t\t<div class=\"elementor-column elementor-col-100 elementor-top-column elementor-element elementor-element-720affa7\" data-id=\"720affa7\" data-element_type=\"column\" data-e-type=\"column\">\n\t\t\t<div class=\"elementor-widget-wrap elementor-element-populated\">\n\t\t\t\t\t\t<div class=\"elementor-element elementor-element-1091d75 elementor-widget elementor-widget-text-editor\" data-id=\"1091d75\" data-element_type=\"widget\" data-e-type=\"widget\" data-widget_type=\"text-editor.default\">\n\t\t\t\t<div class=\"elementor-widget-container\">\n\t\t\t\t\t\t\t\t\t<p>Mlad\u00e1 a r\u00fdchlo rast\u00faca spolo\u010dnos\u0165 NTS s.r.o. je spojen\u00edm \u013eud\u00ed ob\u013eubuj\u00facich zvy\u0161ovanie svojich vedomost\u00ed. Svoje vedomosti radi odovzd\u00e1vame \u013eu\u010fom pre skvalitnenie ich pr\u00e1ce. V\u0161etko, \u010do rob\u00edme, rob\u00edme najlep\u0161ie ako vieme, preto\u017ee n\u00e1s te\u0161ia nadpriemern\u00e9 v\u00fdsledky. Sme certifikovan\u00ed ako Microsoft Certified Partner, ESET Gold Partner, HP Partner, Cisco Authorized Reseller, APC Reliability Provider Partner, Network Associates, Zyxel certifikovan\u00ed, Lenovo 360 Infrastructure Solutions Partner, Lenovo 360 Intelligent Devices Partner, Dell Technologies Authorized Partner, TP-Link SMB Certified Partner, &#8230;<\/p><p>V NTS s.r.o. pova\u017eujeme produkty firiem Lotus a Microsoft (Lotus Notes a MS Exchange) za l\u00eddrov v oblasti GroupWare. Sme t\u00edm v\u0161estrann\u00fdch GroupWare a Internet konzultantov. Zaober\u00e1me sa anal\u00fdzou, pl\u00e1novan\u00edm, programovan\u00edm a implement\u00e1ciou najkvalitnej\u0161\u00edch rie\u0161en\u00ed. \u0160pecializujeme sa na dod\u00e1vku syst\u00e9mov zabezpe\u010duj\u00facich trval\u00fd pr\u00edstup k z\u00e1kladn\u00fdm inform\u00e1ci\u00e1m, ktor\u00e9 s\u00fa zdie\u013ean\u00e9 a vymie\u0148an\u00e9 so spolupracovn\u00edkmi vo ved\u013eaj\u0161ej kancel\u00e1rii, ved\u013eaj\u0161ej budove, \u010di na inom kontinente.<br>Na\u0161i z\u00e1kazn\u00edci s\u00fa d\u00f4vod, pre\u010do sme tu. Pevne ver\u00edme, \u017ee jedin\u00e1 cesta ako m\u00f4\u017ee by\u0165 \u00faspe\u0161n\u00e1 na\u0161a firma, je \u00faspech na\u0161ich z\u00e1kazn\u00edkov. Sme hrd\u00ed, \u017ee m\u00f4\u017eeme pou\u017ei\u0165 na\u0161e talenty a energiu na v\u00fdvoj produktov a slu\u017eieb, ktor\u00e9 uspokojuj\u00fa na\u0161ich z\u00e1kazn\u00edkov. Nepretr\u017eite pracujeme na zvy\u0161ovan\u00ed na\u0161ich technick\u00fdch znalost\u00ed, z\u00fa\u010dast\u0148ujeme sa semin\u00e1rov a \u0161kolen\u00ed. N\u00e1\u0161 t\u00edm \u013eud\u00ed je technicky profesion\u00e1lny, o \u010dom sved\u010dia ich certifik\u00e1ty z r\u00f4znych oblast\u00ed. Ver\u00edme, \u017ee len samotn\u00e1 technol\u00f3gia nie je dosta\u010duj\u00faca pre v\u00fdvoj aplik\u00e1cie, ktor\u00e1 zabezpe\u010d\u00ed n\u00e1vratnos\u0165 invest\u00edci\u00ed z\u00e1kazn\u00edka.<\/p>\n<p>Za\u010diatok roku 2002 bol pre n\u00e1s pr\u00edpravou na certik\u00e1ciu kvality pod\u013ea normy ISO 9001:2000, ktor\u00e1 je vyjadren\u00edm stability a spo\u013eahlivosti fungovania na\u0161ej spolo\u010dnosti. \u00daspe\u0161n\u00e9 z\u00edskanie tohto cerifik\u00e1tu v m\u00e1ji 2002 znamen\u00e1 pre na\u0161ich klientov zabezpe\u010denie kvality dod\u00e1van\u00fdch produktov a slu\u017eieb.<br>Internet a Intranet s\u00fa nov\u00e9 technol\u00f3gie sp\u013a\u0148aj\u00face organiz\u00e1ci\u00e1m po\u017eiadavky po inform\u00e1ci\u00e1ch a redukuj\u00face n\u00e1klady na informa\u010dn\u00fd syst\u00e9m. Intranet technol\u00f3gia je \u00fazko previazan\u00e1 s pracovn\u00fdmi aplik\u00e1ciami a opera\u010dn\u00fdm syst\u00e9mom a poskytuje optim\u00e1lny model pre zdie\u013eanie inform\u00e1ci\u00ed. Lotus Domino a MS Exchange s\u00fa svetovo ved\u00face programov\u00e9 rie\u0161enia kombinuj\u00face posielanie elektronick\u00fdch spr\u00e1v (e-mail), obeh a zdie\u013eanie dokumentov a inform\u00e1ci\u00ed (GroupWare) a prepojenie na sie\u0165 Internet. Mili\u00f3ny \u013eud\u00ed v tis\u00edckach organiz\u00e1cii pou\u017e\u00edvaj\u00fa programy Domino server, Notes klient, MS Exchange, aby prekonali tradi\u010dn\u00e9 komunika\u010dn\u00e9 bari\u00e9ry. Ke\u010f\u017ee pracuj\u00fa s va\u0161im existuj\u00facim syst\u00e9mom, m\u00f4\u017eete ich pou\u017e\u00edva\u0165 pre rie\u0161enie va\u0161ich po\u017eiadaviek r\u00fdchlo a \u00fa\u010dinne pri redukovan\u00ed n\u00e1kladov.<\/p>\t\t\t\t\t\t\t\t<\/div>\n\t\t\t\t<\/div>\n\t\t\t\t\t<\/div>\n\t\t<\/div>\n\t\t\t\t\t<\/div>\n\t\t<\/section>\n\t\t\t\t<\/div>\n\t\t","protected":false},"excerpt":{"rendered":"<p>Mlad\u00e1 a r\u00fdchlo rast\u00faca spolo\u010dnos\u0165 NTS s.r.o. je spojen\u00edm \u013eud\u00ed ob\u013eubuj\u00facich zvy\u0161ovanie svojich vedomost\u00ed. Svoje vedomosti radi odovzd\u00e1vame \u013eu\u010fom pre skvalitnenie ich pr\u00e1ce. V\u0161etko, \u010do rob\u00edme, rob\u00edme najlep\u0161ie ako vieme, preto\u017ee n\u00e1s te\u0161ia nadpriemern\u00e9 v\u00fdsledky. Sme certifikovan\u00ed ako Microsoft Certified Partner, ESET Gold Partner, HP Partner, Cisco Authorized Reseller, APC Reliability Provider Partner, Network Associates, Zyxel certifikovan\u00ed, Lenovo 360 Infrastructure&#8230;<\/p>\n","protected":false},"author":2,"featured_media":0,"parent":559,"menu_order":0,"comment_status":"closed","ping_status":"closed","template":"","meta":{"footnotes":"","_links_to":"","_links_to_target":""},"class_list":["post-822","page","type-page","status-publish","hentry"],"_links":{"self":[{"href":"https:\/\/www.nts.sk\/index.php\/wp-json\/wp\/v2\/pages\/822","targetHints":{"allow":["GET"]}}],"collection":[{"href":"https:\/\/www.nts.sk\/index.php\/wp-json\/wp\/v2\/pages"}],"about":[{"href":"https:\/\/www.nts.sk\/index.php\/wp-json\/wp\/v2\/types\/page"}],"author":[{"embeddable":true,"href":"https:\/\/www.nts.sk\/index.php\/wp-json\/wp\/v2\/users\/2"}],"replies":[{"embeddable":true,"href":"https:\/\/www.nts.sk\/index.php\/wp-json\/wp\/v2\/comments?post=822"}],"version-history":[{"count":13,"href":"https:\/\/www.nts.sk\/index.php\/wp-json\/wp\/v2\/pages\/822\/revisions"}],"predecessor-version":[{"id":1417,"href":"https:\/\/www.nts.sk\/index.php\/wp-json\/wp\/v2\/pages\/822\/revisions\/1417"}],"up":[{"embeddable":true,"href":"https:\/\/www.nts.sk\/index.php\/wp-json\/wp\/v2\/pages\/559"}],"wp:attachment":[{"href":"https:\/\/www.nts.sk\/index.php\/wp-json\/wp\/v2\/media?parent=822"}],"curies":[{"name":"wp","href":"https:\/\/api.w.org\/{rel}","templated":true}]}}